{"id":1372,"date":"2026-03-31T12:29:54","date_gmt":"2026-03-31T12:29:54","guid":{"rendered":"https:\/\/appicenet.com.br\/?page_id=1372"},"modified":"2026-04-22T16:35:11","modified_gmt":"2026-04-22T16:35:11","slug":"departamento-pessoal","status":"publish","type":"page","link":"https:\/\/appicenet.com.br\/?page_id=1372","title":{"rendered":"Departamento pessoal"},"content":{"rendered":"\t\t<div data-elementor-type=\"wp-page\" data-elementor-id=\"1372\" class=\"elementor elementor-1372\">\n\t\t\t\t\t\t<section class=\"elementor-section elementor-top-section elementor-element elementor-element-e14ee16 elementor-section-boxed elementor-section-height-default elementor-section-height-default\" data-id=\"e14ee16\" data-element_type=\"section\" data-e-type=\"section\">\n\t\t\t\t\t\t<div class=\"elementor-container elementor-column-gap-default\">\n\t\t\t\t\t<div class=\"elementor-column elementor-col-100 elementor-top-column elementor-element elementor-element-4553786e\" data-id=\"4553786e\" data-element_type=\"column\" data-e-type=\"column\">\n\t\t\t<div class=\"elementor-widget-wrap elementor-element-populated\">\n\t\t\t\t\t\t<div class=\"elementor-element elementor-element-77709913 elementor-widget elementor-widget-image\" data-id=\"77709913\" data-element_type=\"widget\" data-e-type=\"widget\" data-widget_type=\"image.default\">\n\t\t\t\t\t\t\t\t\t\t\t\t\t\t\t<img fetchpriority=\"high\" decoding=\"async\" width=\"4813\" height=\"2657\" src=\"https:\/\/appicenet.com.br\/wp-content\/uploads\/2026\/03\/wooden-puzzles-with-the-image-of-workers-2026-03-24-02-22-57-utc-2.jpg\" class=\"attachment-full size-full wp-image-1379\" alt=\"\" srcset=\"https:\/\/appicenet.com.br\/wp-content\/uploads\/2026\/03\/wooden-puzzles-with-the-image-of-workers-2026-03-24-02-22-57-utc-2.jpg 4813w, https:\/\/appicenet.com.br\/wp-content\/uploads\/2026\/03\/wooden-puzzles-with-the-image-of-workers-2026-03-24-02-22-57-utc-2-300x166.jpg 300w, https:\/\/appicenet.com.br\/wp-content\/uploads\/2026\/03\/wooden-puzzles-with-the-image-of-workers-2026-03-24-02-22-57-utc-2-1024x565.jpg 1024w, https:\/\/appicenet.com.br\/wp-content\/uploads\/2026\/03\/wooden-puzzles-with-the-image-of-workers-2026-03-24-02-22-57-utc-2-768x424.jpg 768w, https:\/\/appicenet.com.br\/wp-content\/uploads\/2026\/03\/wooden-puzzles-with-the-image-of-workers-2026-03-24-02-22-57-utc-2-1536x848.jpg 1536w, https:\/\/appicenet.com.br\/wp-content\/uploads\/2026\/03\/wooden-puzzles-with-the-image-of-workers-2026-03-24-02-22-57-utc-2-2048x1131.jpg 2048w, https:\/\/appicenet.com.br\/wp-content\/uploads\/2026\/03\/wooden-puzzles-with-the-image-of-workers-2026-03-24-02-22-57-utc-2-600x331.jpg 600w\" sizes=\"(max-width: 4813px) 100vw, 4813px\" \/>\t\t\t\t\t\t\t\t\t\t\t\t\t\t\t<\/div>\n\t\t\t\t\t<\/div>\n\t\t<\/div>\n\t\t\t\t\t<\/div>\n\t\t<\/section>\n\t\t\t\t<section class=\"elementor-section elementor-top-section elementor-element elementor-element-79e8a14 elementor-section-boxed elementor-section-height-default elementor-section-height-default\" data-id=\"79e8a14\" data-element_type=\"section\" data-e-type=\"section\">\n\t\t\t\t\t\t<div class=\"elementor-container elementor-column-gap-default\">\n\t\t\t\t\t<div class=\"elementor-column elementor-col-100 elementor-top-column elementor-element elementor-element-3d26287b\" data-id=\"3d26287b\" data-element_type=\"column\" data-e-type=\"column\">\n\t\t\t<div class=\"elementor-widget-wrap elementor-element-populated\">\n\t\t\t\t\t\t<div class=\"elementor-element elementor-element-58ef9652 elementor-widget elementor-widget-heading\" data-id=\"58ef9652\" data-element_type=\"widget\" data-e-type=\"widget\" data-widget_type=\"heading.default\">\n\t\t\t\t\t<h2 class=\"elementor-heading-title elementor-size-default\">O que \u00e9 o Departamento Pessoal?<\/h2>\t\t\t\t<\/div>\n\t\t\t\t<div class=\"elementor-element elementor-element-5714b533 elementor-widget elementor-widget-heading\" data-id=\"5714b533\" data-element_type=\"widget\" data-e-type=\"widget\" data-widget_type=\"heading.default\">\n\t\t\t\t\t<h2 class=\"elementor-heading-title elementor-size-default\">Essa \u00e1rea \u00e9 respons\u00e1vel pela gest\u00e3o de toda a m\u00e3o de obra de uma empresa.\n\nAl\u00e9m disso, o sistema de departamento pessoal \u00e9 fundamental para o cumprimento das normas trabalhistas. Vale ressaltar que organiza\u00e7\u00f5es que ignoram tal necessidade est\u00e3o sujeitas a s\u00e9rios problemas jur\u00eddicos.\n\nEsse servi\u00e7o deve fazer parte da estrutura organizacional de qualquer empresa e requer uma gest\u00e3o precisa e cuidadosa. E isso, s\u00f3 a APPICE pode oferecer.<\/h2>\t\t\t\t<\/div>\n\t\t\t\t<div class=\"elementor-element elementor-element-4b22d5fd elementor-widget elementor-widget-heading\" data-id=\"4b22d5fd\" data-element_type=\"widget\" data-e-type=\"widget\" data-widget_type=\"heading.default\">\n\t\t\t\t\t<h2 class=\"elementor-heading-title elementor-size-default\">Por que esse setor \u00e9 t\u00e3o importante?\n<\/h2>\t\t\t\t<\/div>\n\t\t\t\t<div class=\"elementor-element elementor-element-78b89b14 elementor-widget elementor-widget-heading\" data-id=\"78b89b14\" data-element_type=\"widget\" data-e-type=\"widget\" data-widget_type=\"heading.default\">\n\t\t\t\t\t<h2 class=\"elementor-heading-title elementor-size-default\">O Departamento Pessoal vai muito al\u00e9m de tarefas administrativas. Ele \u00e9 pe\u00e7a-chave para o bom funcionamento da empresa porque garante que todos os processos relacionados aos colaboradores ocorram de forma correta.\n\n\u00c9 esse setor que assegura a organiza\u00e7\u00e3o dos registros, o cumprimento das obriga\u00e7\u00f5es legais e o controle eficiente da jornada de trabalho, benef\u00edcios, admiss\u00f5es, desligamentos e muito mais.<\/h2>\t\t\t\t<\/div>\n\t\t\t\t<div class=\"elementor-element elementor-element-364eba85 elementor-widget elementor-widget-heading\" data-id=\"364eba85\" data-element_type=\"widget\" data-e-type=\"widget\" data-widget_type=\"heading.default\">\n\t\t\t\t\t<h2 class=\"elementor-heading-title elementor-size-default\">O que o Departamento pessoal faz?<\/h2>\t\t\t\t<\/div>\n\t\t\t\t<div class=\"elementor-element elementor-element-d77990e egx-project-details-content elementor-widget elementor-widget-text-editor\" data-id=\"d77990e\" data-element_type=\"widget\" data-e-type=\"widget\" data-widget_type=\"text-editor.default\">\n\t\t\t\t\t\t\t\t\t<p data-start=\"88\" data-end=\"195\">O Departamento Pessoal \u00e9 respons\u00e1vel por fun\u00e7\u00f5es essenciais, como:<\/p><ul data-start=\"197\" data-end=\"385\"><li data-start=\"197\" data-end=\"232\"><p data-start=\"199\" data-end=\"232\">Documenta\u00e7\u00e3o dos colaboradores;<\/p><\/li><li data-start=\"233\" data-end=\"273\"><p data-start=\"235\" data-end=\"273\">Processamento da folha de pagamento;<\/p><\/li><li data-start=\"274\" data-end=\"306\"><p data-start=\"276\" data-end=\"306\">Gest\u00e3o de f\u00e9rias e licen\u00e7as;<\/p><\/li><li data-start=\"307\" data-end=\"334\"><p data-start=\"309\" data-end=\"334\">Controle de frequ\u00eancia;<\/p><\/li><li data-start=\"335\" data-end=\"385\"><p data-start=\"337\" data-end=\"385\">Representa\u00e7\u00e3o junto a \u00f3rg\u00e3os oficiais e fiscais.<\/p><\/li><\/ul>\t\t\t\t\t\t\t\t<\/div>\n\t\t\t\t\t<\/div>\n\t\t<\/div>\n\t\t\t\t\t<\/div>\n\t\t<\/section>\n\t\t\t\t<section class=\"elementor-section elementor-top-section elementor-element elementor-element-6efc84f4 elementor-section-boxed elementor-section-height-default elementor-section-height-default\" data-id=\"6efc84f4\" data-element_type=\"section\" data-e-type=\"section\">\n\t\t\t\t\t\t<div class=\"elementor-container elementor-column-gap-default\">\n\t\t\t\t\t<div class=\"elementor-column elementor-col-50 elementor-top-column elementor-element elementor-element-26a9a9a5\" data-id=\"26a9a9a5\" data-element_type=\"column\" data-e-type=\"column\">\n\t\t\t<div class=\"elementor-widget-wrap elementor-element-populated\">\n\t\t\t\t\t\t<div class=\"elementor-element elementor-element-26b83c4c item img-cover scroll_slide_left elementor-widget elementor-widget-image\" data-id=\"26b83c4c\" data-element_type=\"widget\" data-e-type=\"widget\" data-widget_type=\"image.default\">\n\t\t\t\t\t\t\t\t\t\t\t\t\t\t\t<img decoding=\"async\" width=\"640\" height=\"427\" src=\"https:\/\/appicenet.com.br\/wp-content\/uploads\/2026\/03\/group-portrait-of-a-team-of-colleagues-working-for-2026-01-05-00-33-34-utc-1024x683.jpg\" class=\"attachment-large size-large wp-image-1383\" alt=\"\" srcset=\"https:\/\/appicenet.com.br\/wp-content\/uploads\/2026\/03\/group-portrait-of-a-team-of-colleagues-working-for-2026-01-05-00-33-34-utc-1024x683.jpg 1024w, https:\/\/appicenet.com.br\/wp-content\/uploads\/2026\/03\/group-portrait-of-a-team-of-colleagues-working-for-2026-01-05-00-33-34-utc-300x200.jpg 300w, https:\/\/appicenet.com.br\/wp-content\/uploads\/2026\/03\/group-portrait-of-a-team-of-colleagues-working-for-2026-01-05-00-33-34-utc-768x512.jpg 768w, https:\/\/appicenet.com.br\/wp-content\/uploads\/2026\/03\/group-portrait-of-a-team-of-colleagues-working-for-2026-01-05-00-33-34-utc-1536x1024.jpg 1536w, https:\/\/appicenet.com.br\/wp-content\/uploads\/2026\/03\/group-portrait-of-a-team-of-colleagues-working-for-2026-01-05-00-33-34-utc-2048x1365.jpg 2048w, https:\/\/appicenet.com.br\/wp-content\/uploads\/2026\/03\/group-portrait-of-a-team-of-colleagues-working-for-2026-01-05-00-33-34-utc-600x400.jpg 600w\" sizes=\"(max-width: 640px) 100vw, 640px\" \/>\t\t\t\t\t\t\t\t\t\t\t\t\t\t\t<\/div>\n\t\t\t\t\t<\/div>\n\t\t<\/div>\n\t\t\t\t<div class=\"elementor-column elementor-col-50 elementor-top-column elementor-element elementor-element-44062292\" data-id=\"44062292\" data-element_type=\"column\" data-e-type=\"column\">\n\t\t\t<div class=\"elementor-widget-wrap elementor-element-populated\">\n\t\t\t\t\t\t<div class=\"elementor-element elementor-element-fbcefdd item img-cover scroll_slide_right elementor-widget elementor-widget-image\" data-id=\"fbcefdd\" data-element_type=\"widget\" data-e-type=\"widget\" data-widget_type=\"image.default\">\n\t\t\t\t\t\t\t\t\t\t\t\t\t\t\t<img decoding=\"async\" width=\"640\" height=\"427\" src=\"https:\/\/appicenet.com.br\/wp-content\/uploads\/2026\/03\/portrait-of-confident-senior-businessman-in-office-2026-01-09-00-42-50-utc-1024x683.jpg\" class=\"attachment-large size-large wp-image-1384\" alt=\"\" srcset=\"https:\/\/appicenet.com.br\/wp-content\/uploads\/2026\/03\/portrait-of-confident-senior-businessman-in-office-2026-01-09-00-42-50-utc-1024x683.jpg 1024w, https:\/\/appicenet.com.br\/wp-content\/uploads\/2026\/03\/portrait-of-confident-senior-businessman-in-office-2026-01-09-00-42-50-utc-300x200.jpg 300w, https:\/\/appicenet.com.br\/wp-content\/uploads\/2026\/03\/portrait-of-confident-senior-businessman-in-office-2026-01-09-00-42-50-utc-768x512.jpg 768w, https:\/\/appicenet.com.br\/wp-content\/uploads\/2026\/03\/portrait-of-confident-senior-businessman-in-office-2026-01-09-00-42-50-utc-1536x1024.jpg 1536w, https:\/\/appicenet.com.br\/wp-content\/uploads\/2026\/03\/portrait-of-confident-senior-businessman-in-office-2026-01-09-00-42-50-utc-2048x1365.jpg 2048w, https:\/\/appicenet.com.br\/wp-content\/uploads\/2026\/03\/portrait-of-confident-senior-businessman-in-office-2026-01-09-00-42-50-utc-600x400.jpg 600w\" sizes=\"(max-width: 640px) 100vw, 640px\" \/>\t\t\t\t\t\t\t\t\t\t\t\t\t\t\t<\/div>\n\t\t\t\t\t<\/div>\n\t\t<\/div>\n\t\t\t\t\t<\/div>\n\t\t<\/section>\n\t\t<div class=\"elementor-element elementor-element-46ed0d05 e-flex e-con-boxed e-con e-parent\" data-id=\"46ed0d05\" data-element_type=\"container\" data-e-type=\"container\">\n\t\t\t\t\t<div class=\"e-con-inner\">\n\t\t\t\t<div class=\"elementor-element elementor-element-609b58da elementor-widget elementor-widget-go-s-heading\" data-id=\"609b58da\" data-element_type=\"widget\" data-e-type=\"widget\" data-widget_type=\"go-s-heading.default\">\n\t\t\t\t<div class=\"elementor-widget-container\">\n\t\t\t\t\t<div class=\"pg-contact-1-sec-title\">\n        <h1 class=\"elementor-gt-heading pg-sec-title-1\" data-cursor=\"-opaque\">Perguntas frequentes<\/h1>    <\/div>\t\t\t\t<\/div>\n\t\t\t\t<\/div>\n\t\t\t\t<div class=\"elementor-element elementor-element-628730d1 elementor-widget elementor-widget-photia-faq\" data-id=\"628730d1\" data-element_type=\"widget\" data-e-type=\"widget\" data-widget_type=\"photia-faq.default\">\n\t\t\t\t<div class=\"elementor-widget-container\">\n\t\t\t\t\t<div class=\"pg-accordion\" id=\"accordionExample_413104\">\n            <div class=\"pg-accordion-item wa_accordion_item wow fadeInUp2\" data-wow-delay=\".1s\">\n            <button class=\"item-title pg-h-1 \" type=\"button\"\n                data-bs-toggle=\"collapse\"\n                data-bs-target=\"#collapse413104-9f7835d\"\n                aria-expanded=\"false\"\n                aria-controls=\"collapse413104-9f7835d\">\n                <span class=\"icon pg-gd-text-1\">\n                    <i class=\"fa-solid fa-plus\"><\/i>\n                <\/span>\n                1. O que faz o Departamento Pessoal?            <\/button>\n            <div id=\"collapse413104-9f7835d\"\n                class=\"accordion-collapse collapse show\"\n                data-bs-parent=\"#accordionExample_413104\">\n                <p class=\"pg-p-2 item-disc\">\n                    O Departamento Pessoal \u00e9 respons\u00e1vel por todas as rotinas relacionadas aos colaboradores, incluindo admiss\u00e3o, documenta\u00e7\u00e3o, folha de pagamento, f\u00e9rias, controle de ponto e desligamentos.                <\/p>\n            <\/div>\n        <\/div>\n            <div class=\"pg-accordion-item wa_accordion_item wow fadeInUp2\" data-wow-delay=\".2s\">\n            <button class=\"item-title pg-h-1 collapsed\" type=\"button\"\n                data-bs-toggle=\"collapse\"\n                data-bs-target=\"#collapse413104-0aa5240\"\n                aria-expanded=\"false\"\n                aria-controls=\"collapse413104-0aa5240\">\n                <span class=\"icon pg-gd-text-1\">\n                    <i class=\"fa-solid fa-plus\"><\/i>\n                <\/span>\n                2. Qual a diferen\u00e7a entre Departamento Pessoal e RH?            <\/button>\n            <div id=\"collapse413104-0aa5240\"\n                class=\"accordion-collapse collapse \"\n                data-bs-parent=\"#accordionExample_413104\">\n                <p class=\"pg-p-2 item-disc\">\n                    O Departamento Pessoal lida com processos legais, trabalhistas e burocr\u00e1ticos, enquanto o RH atua de forma mais estrat\u00e9gica, focado no desenvolvimento humano, clima organizacional e gest\u00e3o de talentos.                <\/p>\n            <\/div>\n        <\/div>\n            <div class=\"pg-accordion-item wa_accordion_item wow fadeInUp2\" data-wow-delay=\".3s\">\n            <button class=\"item-title pg-h-1 collapsed\" type=\"button\"\n                data-bs-toggle=\"collapse\"\n                data-bs-target=\"#collapse413104-b554dc4\"\n                aria-expanded=\"false\"\n                aria-controls=\"collapse413104-b554dc4\">\n                <span class=\"icon pg-gd-text-1\">\n                    <i class=\"fa-solid fa-plus\"><\/i>\n                <\/span>\n                3. Por que \u00e9 importante manter o DP em conformidade com a legisla\u00e7\u00e3o?            <\/button>\n            <div id=\"collapse413104-b554dc4\"\n                class=\"accordion-collapse collapse \"\n                data-bs-parent=\"#accordionExample_413104\">\n                <p class=\"pg-p-2 item-disc\">\n                    Porque erros em folha, contratos ou obriga\u00e7\u00f5es legais podem gerar multas, a\u00e7\u00f5es trabalhistas e riscos fiscais. A conformidade garante seguran\u00e7a jur\u00eddica para a empresa e para os colaboradores.                <\/p>\n            <\/div>\n        <\/div>\n            <div class=\"pg-accordion-item wa_accordion_item wow fadeInUp2\" data-wow-delay=\".4s\">\n            <button class=\"item-title pg-h-1 collapsed\" type=\"button\"\n                data-bs-toggle=\"collapse\"\n                data-bs-target=\"#collapse413104-2846032\"\n                aria-expanded=\"false\"\n                aria-controls=\"collapse413104-2846032\">\n                <span class=\"icon pg-gd-text-1\">\n                    <i class=\"fa-solid fa-plus\"><\/i>\n                <\/span>\n                4. O DP tamb\u00e9m cuida do eSocial?            <\/button>\n            <div id=\"collapse413104-2846032\"\n                class=\"accordion-collapse collapse \"\n                data-bs-parent=\"#accordionExample_413104\">\n                <p class=\"pg-p-2 item-disc\">\n                    Sim. O Departamento Pessoal \u00e9 respons\u00e1vel por enviar informa\u00e7\u00f5es trabalhistas, previdenci\u00e1rias e fiscais ao eSocial dentro dos prazos, mantendo a empresa regularizada.                <\/p>\n            <\/div>\n        <\/div>\n            <div class=\"pg-accordion-item wa_accordion_item wow fadeInUp2\" data-wow-delay=\".5s\">\n            <button class=\"item-title pg-h-1 collapsed\" type=\"button\"\n                data-bs-toggle=\"collapse\"\n                data-bs-target=\"#collapse413104-1e9cc90\"\n                aria-expanded=\"false\"\n                aria-controls=\"collapse413104-1e9cc90\">\n                <span class=\"icon pg-gd-text-1\">\n                    <i class=\"fa-solid fa-plus\"><\/i>\n                <\/span>\n                5. Quais benef\u00edcios a empresa tem ao terceirizar o Departamento Pessoal?            <\/button>\n            <div id=\"collapse413104-1e9cc90\"\n                class=\"accordion-collapse collapse \"\n                data-bs-parent=\"#accordionExample_413104\">\n                <p class=\"pg-p-2 item-disc\">\n                    A terceiriza\u00e7\u00e3o reduz erros, garante cumprimento da legisla\u00e7\u00e3o, melhora a efici\u00eancia das rotinas e permite que a empresa foque no seu core business, contando com especialistas para processos trabalhistas.                <\/p>\n            <\/div>\n        <\/div>\n    <\/div>\t\t\t\t<\/div>\n\t\t\t\t<\/div>\n\t\t\t\t\t<\/div>\n\t\t\t\t<\/div>\n\t\t\t\t<\/div>\n\t\t","protected":false},"excerpt":{"rendered":"<p>O que \u00e9 o Departamento Pessoal? Essa \u00e1rea \u00e9 respons\u00e1vel pela gest\u00e3o de toda a m\u00e3o de obra de uma empresa. Al\u00e9m disso, o sistema de departamento pessoal \u00e9 fundamental para o cumprimento das normas trabalhistas. Vale ressaltar que organiza\u00e7\u00f5es que ignoram tal necessidade est\u00e3o sujeitas a s\u00e9rios problemas jur\u00eddicos. Esse servi\u00e7o deve fazer parte [&hellip;]<\/p>\n","protected":false},"author":2,"featured_media":0,"parent":15,"menu_order":0,"comment_status":"closed","ping_status":"closed","template":"elementor_header_footer","meta":{"footnotes":""},"class_list":["post-1372","page","type-page","status-publish","hentry"],"_links":{"self":[{"href":"https:\/\/appicenet.com.br\/index.php?rest_route=\/wp\/v2\/pages\/1372","targetHints":{"allow":["GET"]}}],"collection":[{"href":"https:\/\/appicenet.com.br\/index.php?rest_route=\/wp\/v2\/pages"}],"about":[{"href":"https:\/\/appicenet.com.br\/index.php?rest_route=\/wp\/v2\/types\/page"}],"author":[{"embeddable":true,"href":"https:\/\/appicenet.com.br\/index.php?rest_route=\/wp\/v2\/users\/2"}],"replies":[{"embeddable":true,"href":"https:\/\/appicenet.com.br\/index.php?rest_route=%2Fwp%2Fv2%2Fcomments&post=1372"}],"version-history":[{"count":8,"href":"https:\/\/appicenet.com.br\/index.php?rest_route=\/wp\/v2\/pages\/1372\/revisions"}],"predecessor-version":[{"id":1387,"href":"https:\/\/appicenet.com.br\/index.php?rest_route=\/wp\/v2\/pages\/1372\/revisions\/1387"}],"up":[{"embeddable":true,"href":"https:\/\/appicenet.com.br\/index.php?rest_route=\/wp\/v2\/pages\/15"}],"wp:attachment":[{"href":"https:\/\/appicenet.com.br\/index.php?rest_route=%2Fwp%2Fv2%2Fmedia&parent=1372"}],"curies":[{"name":"wp","href":"https:\/\/api.w.org\/{rel}","templated":true}]}}