{"id":1388,"date":"2026-03-31T12:38:58","date_gmt":"2026-03-31T12:38:58","guid":{"rendered":"https:\/\/appicenet.com.br\/?page_id=1388"},"modified":"2026-03-31T12:59:19","modified_gmt":"2026-03-31T12:59:19","slug":"gerenciamento-das-informacoes","status":"publish","type":"page","link":"https:\/\/appicenet.com.br\/?page_id=1388","title":{"rendered":"Gerenciamento das Informa\u00e7\u00f5es"},"content":{"rendered":"\t\t<div data-elementor-type=\"wp-page\" data-elementor-id=\"1388\" class=\"elementor elementor-1388\">\n\t\t\t\t\t\t<section class=\"elementor-section elementor-top-section elementor-element elementor-element-52582f6f elementor-section-boxed elementor-section-height-default elementor-section-height-default\" data-id=\"52582f6f\" data-element_type=\"section\" data-e-type=\"section\">\n\t\t\t\t\t\t<div class=\"elementor-container elementor-column-gap-default\">\n\t\t\t\t\t<div class=\"elementor-column elementor-col-100 elementor-top-column elementor-element elementor-element-1ccccef7\" data-id=\"1ccccef7\" data-element_type=\"column\" data-e-type=\"column\">\n\t\t\t<div class=\"elementor-widget-wrap elementor-element-populated\">\n\t\t\t\t\t\t<div class=\"elementor-element elementor-element-502da423 elementor-widget elementor-widget-image\" data-id=\"502da423\" data-element_type=\"widget\" data-e-type=\"widget\" data-widget_type=\"image.default\">\n\t\t\t\t\t\t\t\t\t\t\t\t\t\t\t<img fetchpriority=\"high\" decoding=\"async\" width=\"7008\" height=\"4672\" src=\"https:\/\/appicenet.com.br\/wp-content\/uploads\/2026\/03\/group-of-professionals-participating-in-meeting-or-2026-01-07-01-03-12-utc.jpg\" class=\"attachment-full size-full wp-image-1391\" alt=\"\" srcset=\"https:\/\/appicenet.com.br\/wp-content\/uploads\/2026\/03\/group-of-professionals-participating-in-meeting-or-2026-01-07-01-03-12-utc.jpg 7008w, https:\/\/appicenet.com.br\/wp-content\/uploads\/2026\/03\/group-of-professionals-participating-in-meeting-or-2026-01-07-01-03-12-utc-300x200.jpg 300w, https:\/\/appicenet.com.br\/wp-content\/uploads\/2026\/03\/group-of-professionals-participating-in-meeting-or-2026-01-07-01-03-12-utc-1024x683.jpg 1024w, https:\/\/appicenet.com.br\/wp-content\/uploads\/2026\/03\/group-of-professionals-participating-in-meeting-or-2026-01-07-01-03-12-utc-768x512.jpg 768w, https:\/\/appicenet.com.br\/wp-content\/uploads\/2026\/03\/group-of-professionals-participating-in-meeting-or-2026-01-07-01-03-12-utc-1536x1024.jpg 1536w, https:\/\/appicenet.com.br\/wp-content\/uploads\/2026\/03\/group-of-professionals-participating-in-meeting-or-2026-01-07-01-03-12-utc-2048x1365.jpg 2048w, https:\/\/appicenet.com.br\/wp-content\/uploads\/2026\/03\/group-of-professionals-participating-in-meeting-or-2026-01-07-01-03-12-utc-600x400.jpg 600w\" sizes=\"(max-width: 7008px) 100vw, 7008px\" \/>\t\t\t\t\t\t\t\t\t\t\t\t\t\t\t<\/div>\n\t\t\t\t\t<\/div>\n\t\t<\/div>\n\t\t\t\t\t<\/div>\n\t\t<\/section>\n\t\t\t\t<section class=\"elementor-section elementor-top-section elementor-element elementor-element-6b2ed896 elementor-section-boxed elementor-section-height-default elementor-section-height-default\" data-id=\"6b2ed896\" data-element_type=\"section\" data-e-type=\"section\">\n\t\t\t\t\t\t<div class=\"elementor-container elementor-column-gap-default\">\n\t\t\t\t\t<div class=\"elementor-column elementor-col-100 elementor-top-column elementor-element elementor-element-571441e2\" data-id=\"571441e2\" data-element_type=\"column\" data-e-type=\"column\">\n\t\t\t<div class=\"elementor-widget-wrap elementor-element-populated\">\n\t\t\t\t\t\t<div class=\"elementor-element elementor-element-1048d030 elementor-widget elementor-widget-heading\" data-id=\"1048d030\" data-element_type=\"widget\" data-e-type=\"widget\" data-widget_type=\"heading.default\">\n\t\t\t\t\t<h2 class=\"elementor-heading-title elementor-size-default\">O que \u00e9 Gerenciamento das Informa\u00e7\u00f5es?<\/h2>\t\t\t\t<\/div>\n\t\t\t\t<div class=\"elementor-element elementor-element-08a1eb1 egx-project-details-content elementor-widget elementor-widget-text-editor\" data-id=\"08a1eb1\" data-element_type=\"widget\" data-e-type=\"widget\" data-widget_type=\"text-editor.default\">\n\t\t\t\t\t\t\t\t\t<p>O Gerenciamento das Informa\u00e7\u00f5es \u00e9 o conjunto de processos utilizados para organizar, armazenar, classificar e proteger todos os dados da empresa. Ele garante que informa\u00e7\u00f5es essenciais estejam sempre dispon\u00edveis, seguras e devidamente estruturadas para apoiar as opera\u00e7\u00f5es di\u00e1rias e a tomada de decis\u00f5es estrat\u00e9gicas.<\/p>\t\t\t\t\t\t\t\t<\/div>\n\t\t\t\t<div class=\"elementor-element elementor-element-7964a447 elementor-widget elementor-widget-heading\" data-id=\"7964a447\" data-element_type=\"widget\" data-e-type=\"widget\" data-widget_type=\"heading.default\">\n\t\t\t\t\t<h2 class=\"elementor-heading-title elementor-size-default\">Por que o gerenciamento da informa\u00e7\u00e3o \u00e9 essencial?<\/h2>\t\t\t\t<\/div>\n\t\t\t\t<div class=\"elementor-element elementor-element-9d064d9 egx-project-details-content elementor-widget elementor-widget-text-editor\" data-id=\"9d064d9\" data-element_type=\"widget\" data-e-type=\"widget\" data-widget_type=\"text-editor.default\">\n\t\t\t\t\t\t\t\t\t<p>As empresas lidam com um volume crescente de dados: documentos fiscais, registros de colaboradores, contratos, informa\u00e7\u00f5es financeiras, relat\u00f3rios operacionais, logs de sistemas e muito mais.<\/p><div><p>Sem uma gest\u00e3o adequada, essas informa\u00e7\u00f5es podem se perder, ficar inacess\u00edveis ou cair em m\u00e3os erradas.<\/p><p>Um bom gerenciamento garante:<\/p><ul><li>Acesso r\u00e1pido e organizado \u00e0s informa\u00e7\u00f5es<\/li><li>Seguran\u00e7a e integridade dos dados<\/li><li>Controle de acesso, permitindo que somente pessoas autorizadas consultem informa\u00e7\u00f5es sens\u00edveis<\/li><li>Padroniza\u00e7\u00e3o nos processos de registro, armazenamento e uso de dados<\/li><li>Suporte \u00e0s decis\u00f5es estrat\u00e9gicas, com base em dados confi\u00e1veis e atualizados<\/li><\/ul><\/div>\t\t\t\t\t\t\t\t<\/div>\n\t\t\t\t<div class=\"elementor-element elementor-element-deb3f19 elementor-widget elementor-widget-heading\" data-id=\"deb3f19\" data-element_type=\"widget\" data-e-type=\"widget\" data-widget_type=\"heading.default\">\n\t\t\t\t\t<h2 class=\"elementor-heading-title elementor-size-default\">Por que contar com especialistas?<\/h2>\t\t\t\t<\/div>\n\t\t\t\t<div class=\"elementor-element elementor-element-72bf1442 egx-project-details-content elementor-widget elementor-widget-text-editor\" data-id=\"72bf1442\" data-element_type=\"widget\" data-e-type=\"widget\" data-widget_type=\"text-editor.default\">\n\t\t\t\t\t\t\t\t\t<p>Profissionais especializados garantem que a gest\u00e3o da informa\u00e7\u00e3o seja implementada com efici\u00eancia, utilizando metodologias, ferramentas adequadas e pr\u00e1ticas avan\u00e7adas de seguran\u00e7a e organiza\u00e7\u00e3o.<\/p><p>Isso permite que sua empresa fique mais segura, competitiva e preparada para o crescimento.<\/p>\t\t\t\t\t\t\t\t<\/div>\n\t\t\t\t\t<\/div>\n\t\t<\/div>\n\t\t\t\t\t<\/div>\n\t\t<\/section>\n\t\t\t\t<section class=\"elementor-section elementor-top-section elementor-element elementor-element-21b16cdf elementor-section-boxed elementor-section-height-default elementor-section-height-default\" data-id=\"21b16cdf\" data-element_type=\"section\" data-e-type=\"section\">\n\t\t\t\t\t\t<div class=\"elementor-container elementor-column-gap-default\">\n\t\t\t\t\t<div class=\"elementor-column elementor-col-50 elementor-top-column elementor-element elementor-element-c9a63e3\" data-id=\"c9a63e3\" data-element_type=\"column\" data-e-type=\"column\">\n\t\t\t<div class=\"elementor-widget-wrap elementor-element-populated\">\n\t\t\t\t\t\t<div class=\"elementor-element elementor-element-3d4f40d8 item img-cover scroll_slide_left elementor-widget elementor-widget-image\" data-id=\"3d4f40d8\" data-element_type=\"widget\" data-e-type=\"widget\" data-widget_type=\"image.default\">\n\t\t\t\t\t\t\t\t\t\t\t\t\t\t\t<img decoding=\"async\" width=\"640\" height=\"427\" src=\"https:\/\/appicenet.com.br\/wp-content\/uploads\/2026\/03\/joyous-venture-staff-members-overjoyed-after-becom-2026-03-26-23-29-24-utc-1024x683.jpg\" class=\"attachment-large size-large wp-image-1392\" alt=\"\" srcset=\"https:\/\/appicenet.com.br\/wp-content\/uploads\/2026\/03\/joyous-venture-staff-members-overjoyed-after-becom-2026-03-26-23-29-24-utc-1024x683.jpg 1024w, https:\/\/appicenet.com.br\/wp-content\/uploads\/2026\/03\/joyous-venture-staff-members-overjoyed-after-becom-2026-03-26-23-29-24-utc-300x200.jpg 300w, https:\/\/appicenet.com.br\/wp-content\/uploads\/2026\/03\/joyous-venture-staff-members-overjoyed-after-becom-2026-03-26-23-29-24-utc-768x512.jpg 768w, https:\/\/appicenet.com.br\/wp-content\/uploads\/2026\/03\/joyous-venture-staff-members-overjoyed-after-becom-2026-03-26-23-29-24-utc-1536x1024.jpg 1536w, https:\/\/appicenet.com.br\/wp-content\/uploads\/2026\/03\/joyous-venture-staff-members-overjoyed-after-becom-2026-03-26-23-29-24-utc-2048x1365.jpg 2048w, https:\/\/appicenet.com.br\/wp-content\/uploads\/2026\/03\/joyous-venture-staff-members-overjoyed-after-becom-2026-03-26-23-29-24-utc-600x400.jpg 600w\" sizes=\"(max-width: 640px) 100vw, 640px\" \/>\t\t\t\t\t\t\t\t\t\t\t\t\t\t\t<\/div>\n\t\t\t\t\t<\/div>\n\t\t<\/div>\n\t\t\t\t<div class=\"elementor-column elementor-col-50 elementor-top-column elementor-element elementor-element-220518b0\" data-id=\"220518b0\" data-element_type=\"column\" data-e-type=\"column\">\n\t\t\t<div class=\"elementor-widget-wrap elementor-element-populated\">\n\t\t\t\t\t\t<div class=\"elementor-element elementor-element-20c66576 item img-cover scroll_slide_right elementor-widget elementor-widget-image\" data-id=\"20c66576\" data-element_type=\"widget\" data-e-type=\"widget\" data-widget_type=\"image.default\">\n\t\t\t\t\t\t\t\t\t\t\t\t\t\t\t<img decoding=\"async\" width=\"640\" height=\"427\" src=\"https:\/\/appicenet.com.br\/wp-content\/uploads\/2026\/03\/businesswoman-in-casual-clothes-working-in-the-fin-2026-01-09-11-40-34-utc-1024x683.jpg\" class=\"attachment-large size-large wp-image-1393\" alt=\"\" srcset=\"https:\/\/appicenet.com.br\/wp-content\/uploads\/2026\/03\/businesswoman-in-casual-clothes-working-in-the-fin-2026-01-09-11-40-34-utc-1024x683.jpg 1024w, https:\/\/appicenet.com.br\/wp-content\/uploads\/2026\/03\/businesswoman-in-casual-clothes-working-in-the-fin-2026-01-09-11-40-34-utc-300x200.jpg 300w, https:\/\/appicenet.com.br\/wp-content\/uploads\/2026\/03\/businesswoman-in-casual-clothes-working-in-the-fin-2026-01-09-11-40-34-utc-768x512.jpg 768w, https:\/\/appicenet.com.br\/wp-content\/uploads\/2026\/03\/businesswoman-in-casual-clothes-working-in-the-fin-2026-01-09-11-40-34-utc-1536x1024.jpg 1536w, https:\/\/appicenet.com.br\/wp-content\/uploads\/2026\/03\/businesswoman-in-casual-clothes-working-in-the-fin-2026-01-09-11-40-34-utc-2048x1365.jpg 2048w, https:\/\/appicenet.com.br\/wp-content\/uploads\/2026\/03\/businesswoman-in-casual-clothes-working-in-the-fin-2026-01-09-11-40-34-utc-600x400.jpg 600w\" sizes=\"(max-width: 640px) 100vw, 640px\" \/>\t\t\t\t\t\t\t\t\t\t\t\t\t\t\t<\/div>\n\t\t\t\t\t<\/div>\n\t\t<\/div>\n\t\t\t\t\t<\/div>\n\t\t<\/section>\n\t\t<div class=\"elementor-element elementor-element-126c611a e-flex e-con-boxed e-con e-parent\" data-id=\"126c611a\" data-element_type=\"container\" data-e-type=\"container\">\n\t\t\t\t\t<div class=\"e-con-inner\">\n\t\t\t\t<div class=\"elementor-element elementor-element-24ea967c elementor-widget elementor-widget-go-s-heading\" data-id=\"24ea967c\" data-element_type=\"widget\" data-e-type=\"widget\" data-widget_type=\"go-s-heading.default\">\n\t\t\t\t<div class=\"elementor-widget-container\">\n\t\t\t\t\t<div class=\"pg-contact-1-sec-title\">\n        <h2 class=\"elementor-gt-heading pg-sec-title-1\" data-cursor=\"-opaque\">Como funciona?<\/h2>    <\/div>\t\t\t\t<\/div>\n\t\t\t\t<\/div>\n\t\t\t\t<div class=\"elementor-element elementor-element-c4487e1 elementor-widget elementor-widget-photia-faq\" data-id=\"c4487e1\" data-element_type=\"widget\" data-e-type=\"widget\" data-widget_type=\"photia-faq.default\">\n\t\t\t\t<div class=\"elementor-widget-container\">\n\t\t\t\t\t<div class=\"pg-accordion\" id=\"accordionExample_348569\">\n            <div class=\"pg-accordion-item wa_accordion_item wow fadeInUp2\" data-wow-delay=\".1s\">\n            <button class=\"item-title pg-h-1 \" type=\"button\"\n                data-bs-toggle=\"collapse\"\n                data-bs-target=\"#collapse348569-9f7835d\"\n                aria-expanded=\"false\"\n                aria-controls=\"collapse348569-9f7835d\">\n                <span class=\"icon pg-gd-text-1\">\n                    <i class=\"fa-solid fa-plus\"><\/i>\n                <\/span>\n                1. Mapeamento das informa\u00e7\u00f5es            <\/button>\n            <div id=\"collapse348569-9f7835d\"\n                class=\"accordion-collapse collapse show\"\n                data-bs-parent=\"#accordionExample_348569\">\n                <p class=\"pg-p-2 item-disc\">\n                    Identifica\u00e7\u00e3o de todos os tipos de dados utilizados pela empresa, seus fluxos, respons\u00e1veis e sistemas envolvidos.\n                <\/p>\n            <\/div>\n        <\/div>\n            <div class=\"pg-accordion-item wa_accordion_item wow fadeInUp2\" data-wow-delay=\".2s\">\n            <button class=\"item-title pg-h-1 collapsed\" type=\"button\"\n                data-bs-toggle=\"collapse\"\n                data-bs-target=\"#collapse348569-0aa5240\"\n                aria-expanded=\"false\"\n                aria-controls=\"collapse348569-0aa5240\">\n                <span class=\"icon pg-gd-text-1\">\n                    <i class=\"fa-solid fa-plus\"><\/i>\n                <\/span>\n                2. Organiza\u00e7\u00e3o e classifica\u00e7\u00e3o            <\/button>\n            <div id=\"collapse348569-0aa5240\"\n                class=\"accordion-collapse collapse \"\n                data-bs-parent=\"#accordionExample_348569\">\n                <p class=\"pg-p-2 item-disc\">\n                    Os dados s\u00e3o categorizados de forma l\u00f3gica e estruturada, facilitando sua localiza\u00e7\u00e3o e uso.                <\/p>\n            <\/div>\n        <\/div>\n            <div class=\"pg-accordion-item wa_accordion_item wow fadeInUp2\" data-wow-delay=\".3s\">\n            <button class=\"item-title pg-h-1 collapsed\" type=\"button\"\n                data-bs-toggle=\"collapse\"\n                data-bs-target=\"#collapse348569-b554dc4\"\n                aria-expanded=\"false\"\n                aria-controls=\"collapse348569-b554dc4\">\n                <span class=\"icon pg-gd-text-1\">\n                    <i class=\"fa-solid fa-plus\"><\/i>\n                <\/span>\n                3. Armazenamento seguro            <\/button>\n            <div id=\"collapse348569-b554dc4\"\n                class=\"accordion-collapse collapse \"\n                data-bs-parent=\"#accordionExample_348569\">\n                <p class=\"pg-p-2 item-disc\">\n                    Uso de ferramentas adequadas para garantir seguran\u00e7a, integridade e disponibilidade \u2014 seja em nuvem, servidores internos ou sistemas h\u00edbridos.                <\/p>\n            <\/div>\n        <\/div>\n            <div class=\"pg-accordion-item wa_accordion_item wow fadeInUp2\" data-wow-delay=\".4s\">\n            <button class=\"item-title pg-h-1 collapsed\" type=\"button\"\n                data-bs-toggle=\"collapse\"\n                data-bs-target=\"#collapse348569-2846032\"\n                aria-expanded=\"false\"\n                aria-controls=\"collapse348569-2846032\">\n                <span class=\"icon pg-gd-text-1\">\n                    <i class=\"fa-solid fa-plus\"><\/i>\n                <\/span>\n                4. Controle de acesso            <\/button>\n            <div id=\"collapse348569-2846032\"\n                class=\"accordion-collapse collapse \"\n                data-bs-parent=\"#accordionExample_348569\">\n                <p class=\"pg-p-2 item-disc\">\n                    Defini\u00e7\u00e3o de permiss\u00f5es para garantir que apenas pessoas autorizadas possam visualizar ou manipular dados sens\u00edveis.                <\/p>\n            <\/div>\n        <\/div>\n            <div class=\"pg-accordion-item wa_accordion_item wow fadeInUp2\" data-wow-delay=\".5s\">\n            <button class=\"item-title pg-h-1 collapsed\" type=\"button\"\n                data-bs-toggle=\"collapse\"\n                data-bs-target=\"#collapse348569-1e9cc90\"\n                aria-expanded=\"false\"\n                aria-controls=\"collapse348569-1e9cc90\">\n                <span class=\"icon pg-gd-text-1\">\n                    <i class=\"fa-solid fa-plus\"><\/i>\n                <\/span>\n                5. Monitoramento e atualiza\u00e7\u00e3o            <\/button>\n            <div id=\"collapse348569-1e9cc90\"\n                class=\"accordion-collapse collapse \"\n                data-bs-parent=\"#accordionExample_348569\">\n                <p class=\"pg-p-2 item-disc\">\n                    Processos cont\u00ednuos para manter as informa\u00e7\u00f5es atualizadas, corretas e protegidas contra riscos operacionais e cibern\u00e9ticos.                <\/p>\n            <\/div>\n        <\/div>\n    <\/div>\t\t\t\t<\/div>\n\t\t\t\t<\/div>\n\t\t\t\t\t<\/div>\n\t\t\t\t<\/div>\n\t\t\t\t<\/div>\n\t\t","protected":false},"excerpt":{"rendered":"<p>O que \u00e9 Gerenciamento das Informa\u00e7\u00f5es? O Gerenciamento das Informa\u00e7\u00f5es \u00e9 o conjunto de processos utilizados para organizar, armazenar, classificar e proteger todos os dados da empresa. Ele garante que informa\u00e7\u00f5es essenciais estejam sempre dispon\u00edveis, seguras e devidamente estruturadas para apoiar as opera\u00e7\u00f5es di\u00e1rias e a tomada de decis\u00f5es estrat\u00e9gicas. Por que o gerenciamento da [&hellip;]<\/p>\n","protected":false},"author":2,"featured_media":0,"parent":15,"menu_order":0,"comment_status":"closed","ping_status":"closed","template":"elementor_header_footer","meta":{"footnotes":""},"class_list":["post-1388","page","type-page","status-publish","hentry"],"_links":{"self":[{"href":"https:\/\/appicenet.com.br\/index.php?rest_route=\/wp\/v2\/pages\/1388","targetHints":{"allow":["GET"]}}],"collection":[{"href":"https:\/\/appicenet.com.br\/index.php?rest_route=\/wp\/v2\/pages"}],"about":[{"href":"https:\/\/appicenet.com.br\/index.php?rest_route=\/wp\/v2\/types\/page"}],"author":[{"embeddable":true,"href":"https:\/\/appicenet.com.br\/index.php?rest_route=\/wp\/v2\/users\/2"}],"replies":[{"embeddable":true,"href":"https:\/\/appicenet.com.br\/index.php?rest_route=%2Fwp%2Fv2%2Fcomments&post=1388"}],"version-history":[{"count":4,"href":"https:\/\/appicenet.com.br\/index.php?rest_route=\/wp\/v2\/pages\/1388\/revisions"}],"predecessor-version":[{"id":1396,"href":"https:\/\/appicenet.com.br\/index.php?rest_route=\/wp\/v2\/pages\/1388\/revisions\/1396"}],"up":[{"embeddable":true,"href":"https:\/\/appicenet.com.br\/index.php?rest_route=\/wp\/v2\/pages\/15"}],"wp:attachment":[{"href":"https:\/\/appicenet.com.br\/index.php?rest_route=%2Fwp%2Fv2%2Fmedia&parent=1388"}],"curies":[{"name":"wp","href":"https:\/\/api.w.org\/{rel}","templated":true}]}}