{"id":1400,"date":"2026-03-31T12:56:14","date_gmt":"2026-03-31T12:56:14","guid":{"rendered":"https:\/\/appicenet.com.br\/?page_id=1400"},"modified":"2026-03-31T12:59:33","modified_gmt":"2026-03-31T12:59:33","slug":"gestao-de-tributos","status":"publish","type":"page","link":"https:\/\/appicenet.com.br\/?page_id=1400","title":{"rendered":"Gest\u00e3o de tributos"},"content":{"rendered":"\t\t<div data-elementor-type=\"wp-page\" data-elementor-id=\"1400\" class=\"elementor elementor-1400\">\n\t\t\t\t\t\t<section class=\"elementor-section elementor-top-section elementor-element elementor-element-3027a9ca elementor-section-boxed elementor-section-height-default elementor-section-height-default\" data-id=\"3027a9ca\" data-element_type=\"section\" data-e-type=\"section\">\n\t\t\t\t\t\t<div class=\"elementor-container elementor-column-gap-default\">\n\t\t\t\t\t<div class=\"elementor-column elementor-col-100 elementor-top-column elementor-element elementor-element-66b4a85f\" data-id=\"66b4a85f\" data-element_type=\"column\" data-e-type=\"column\">\n\t\t\t<div class=\"elementor-widget-wrap elementor-element-populated\">\n\t\t\t\t\t\t<div class=\"elementor-element elementor-element-15d99444 elementor-widget elementor-widget-image\" data-id=\"15d99444\" data-element_type=\"widget\" data-e-type=\"widget\" data-widget_type=\"image.default\">\n\t\t\t\t\t\t\t\t\t\t\t\t\t\t\t<img fetchpriority=\"high\" decoding=\"async\" width=\"8192\" height=\"5464\" src=\"https:\/\/appicenet.com.br\/wp-content\/uploads\/2026\/03\/financial-planning-and-business-budgets-auditor-t-2026-03-05-11-42-11-utc.jpg\" class=\"attachment-full size-full wp-image-1403\" alt=\"\" srcset=\"https:\/\/appicenet.com.br\/wp-content\/uploads\/2026\/03\/financial-planning-and-business-budgets-auditor-t-2026-03-05-11-42-11-utc.jpg 8192w, https:\/\/appicenet.com.br\/wp-content\/uploads\/2026\/03\/financial-planning-and-business-budgets-auditor-t-2026-03-05-11-42-11-utc-300x200.jpg 300w, https:\/\/appicenet.com.br\/wp-content\/uploads\/2026\/03\/financial-planning-and-business-budgets-auditor-t-2026-03-05-11-42-11-utc-1024x683.jpg 1024w, https:\/\/appicenet.com.br\/wp-content\/uploads\/2026\/03\/financial-planning-and-business-budgets-auditor-t-2026-03-05-11-42-11-utc-768x512.jpg 768w, https:\/\/appicenet.com.br\/wp-content\/uploads\/2026\/03\/financial-planning-and-business-budgets-auditor-t-2026-03-05-11-42-11-utc-1536x1025.jpg 1536w, https:\/\/appicenet.com.br\/wp-content\/uploads\/2026\/03\/financial-planning-and-business-budgets-auditor-t-2026-03-05-11-42-11-utc-2048x1366.jpg 2048w, https:\/\/appicenet.com.br\/wp-content\/uploads\/2026\/03\/financial-planning-and-business-budgets-auditor-t-2026-03-05-11-42-11-utc-600x400.jpg 600w\" sizes=\"(max-width: 8192px) 100vw, 8192px\" \/>\t\t\t\t\t\t\t\t\t\t\t\t\t\t\t<\/div>\n\t\t\t\t\t<\/div>\n\t\t<\/div>\n\t\t\t\t\t<\/div>\n\t\t<\/section>\n\t\t\t\t<section class=\"elementor-section elementor-top-section elementor-element elementor-element-7c09034b elementor-section-boxed elementor-section-height-default elementor-section-height-default\" data-id=\"7c09034b\" data-element_type=\"section\" data-e-type=\"section\">\n\t\t\t\t\t\t<div class=\"elementor-container elementor-column-gap-default\">\n\t\t\t\t\t<div class=\"elementor-column elementor-col-100 elementor-top-column elementor-element elementor-element-1882ba89\" data-id=\"1882ba89\" data-element_type=\"column\" data-e-type=\"column\">\n\t\t\t<div class=\"elementor-widget-wrap elementor-element-populated\">\n\t\t\t\t\t\t<div class=\"elementor-element elementor-element-1f45b10 elementor-widget elementor-widget-heading\" data-id=\"1f45b10\" data-element_type=\"widget\" data-e-type=\"widget\" data-widget_type=\"heading.default\">\n\t\t\t\t\t<h2 class=\"elementor-heading-title elementor-size-default\">O que \u00e9 o servi\u00e7o de gest\u00e3o e planejamento tribut\u00e1rio?\n<\/h2>\t\t\t\t<\/div>\n\t\t\t\t<div class=\"elementor-element elementor-element-915efef egx-project-details-content elementor-widget elementor-widget-text-editor\" data-id=\"915efef\" data-element_type=\"widget\" data-e-type=\"widget\" data-widget_type=\"text-editor.default\">\n\t\t\t\t\t\t\t\t\t<p data-start=\"86\" data-end=\"322\">Esse servi\u00e7o consiste em:<\/p><ul><li data-start=\"86\" data-end=\"322\">Gerenciar toda a receita tribut\u00e1ria da empresa;<\/li><li data-start=\"86\" data-end=\"322\">Analisar a legisla\u00e7\u00e3o para reduzir legalmente a carga tribut\u00e1ria;<\/li><li data-start=\"86\" data-end=\"322\">Organizar os tributos com base em estrat\u00e9gias eficientes.<\/li><\/ul>\t\t\t\t\t\t\t\t<\/div>\n\t\t\t\t<div class=\"elementor-element elementor-element-4a024f41 elementor-widget elementor-widget-heading\" data-id=\"4a024f41\" data-element_type=\"widget\" data-e-type=\"widget\" data-widget_type=\"heading.default\">\n\t\t\t\t\t<h2 class=\"elementor-heading-title elementor-size-default\">Por que esse servi\u00e7o \u00e9 t\u00e3o importante?\n<\/h2>\t\t\t\t<\/div>\n\t\t\t\t<div class=\"elementor-element elementor-element-1eff67b egx-project-details-content elementor-widget elementor-widget-text-editor\" data-id=\"1eff67b\" data-element_type=\"widget\" data-e-type=\"widget\" data-widget_type=\"text-editor.default\">\n\t\t\t\t\t\t\t\t\t<p>Uma boa gest\u00e3o tribut\u00e1ria garante que sua empresa:<\/p><ul><li data-start=\"86\" data-end=\"322\">Pague apenas o necess\u00e1rio em impostos;<\/li><li data-start=\"86\" data-end=\"322\">Evite erros cont\u00e1beis e multas da Receita;<\/li><li data-start=\"86\" data-end=\"322\">Preserve seus lucros e a sa\u00fade financeira;<\/li><li data-start=\"86\" data-end=\"322\">Esteja sempre em dia com as exig\u00eancias fiscais.<\/li><\/ul>\t\t\t\t\t\t\t\t<\/div>\n\t\t\t\t\t<\/div>\n\t\t<\/div>\n\t\t\t\t\t<\/div>\n\t\t<\/section>\n\t\t\t\t<section class=\"elementor-section elementor-top-section elementor-element elementor-element-293a302c elementor-section-boxed elementor-section-height-default elementor-section-height-default\" data-id=\"293a302c\" data-element_type=\"section\" data-e-type=\"section\">\n\t\t\t\t\t\t<div class=\"elementor-container elementor-column-gap-default\">\n\t\t\t\t\t<div class=\"elementor-column elementor-col-50 elementor-top-column elementor-element elementor-element-24aa14d0\" data-id=\"24aa14d0\" data-element_type=\"column\" data-e-type=\"column\">\n\t\t\t<div class=\"elementor-widget-wrap elementor-element-populated\">\n\t\t\t\t\t\t<div class=\"elementor-element elementor-element-30047a47 item img-cover scroll_slide_left elementor-widget elementor-widget-image\" data-id=\"30047a47\" data-element_type=\"widget\" data-e-type=\"widget\" data-widget_type=\"image.default\">\n\t\t\t\t\t\t\t\t\t\t\t\t\t\t\t<img decoding=\"async\" width=\"640\" height=\"428\" src=\"https:\/\/appicenet.com.br\/wp-content\/uploads\/2026\/03\/multiethnics-teamwork-collaboration-team-meeting-c-2026-01-11-11-01-31-utc-1024x684.jpg\" class=\"attachment-large size-large wp-image-1404\" alt=\"\" srcset=\"https:\/\/appicenet.com.br\/wp-content\/uploads\/2026\/03\/multiethnics-teamwork-collaboration-team-meeting-c-2026-01-11-11-01-31-utc-1024x684.jpg 1024w, https:\/\/appicenet.com.br\/wp-content\/uploads\/2026\/03\/multiethnics-teamwork-collaboration-team-meeting-c-2026-01-11-11-01-31-utc-300x200.jpg 300w, https:\/\/appicenet.com.br\/wp-content\/uploads\/2026\/03\/multiethnics-teamwork-collaboration-team-meeting-c-2026-01-11-11-01-31-utc-768x513.jpg 768w, https:\/\/appicenet.com.br\/wp-content\/uploads\/2026\/03\/multiethnics-teamwork-collaboration-team-meeting-c-2026-01-11-11-01-31-utc-1536x1025.jpg 1536w, https:\/\/appicenet.com.br\/wp-content\/uploads\/2026\/03\/multiethnics-teamwork-collaboration-team-meeting-c-2026-01-11-11-01-31-utc-2048x1367.jpg 2048w, https:\/\/appicenet.com.br\/wp-content\/uploads\/2026\/03\/multiethnics-teamwork-collaboration-team-meeting-c-2026-01-11-11-01-31-utc-600x401.jpg 600w\" sizes=\"(max-width: 640px) 100vw, 640px\" \/>\t\t\t\t\t\t\t\t\t\t\t\t\t\t\t<\/div>\n\t\t\t\t\t<\/div>\n\t\t<\/div>\n\t\t\t\t<div class=\"elementor-column elementor-col-50 elementor-top-column elementor-element elementor-element-1e552f10\" data-id=\"1e552f10\" data-element_type=\"column\" data-e-type=\"column\">\n\t\t\t<div class=\"elementor-widget-wrap elementor-element-populated\">\n\t\t\t\t\t\t<div class=\"elementor-element elementor-element-1f8bfc7b item img-cover scroll_slide_right elementor-widget elementor-widget-image\" data-id=\"1f8bfc7b\" data-element_type=\"widget\" data-e-type=\"widget\" data-widget_type=\"image.default\">\n\t\t\t\t\t\t\t\t\t\t\t\t\t\t\t<img decoding=\"async\" width=\"640\" height=\"427\" src=\"https:\/\/appicenet.com.br\/wp-content\/uploads\/2026\/03\/investment-consultant-financial-consultant-finan-2026-01-11-10-47-34-utc-1024x683.jpg\" class=\"attachment-large size-large wp-image-1405\" alt=\"\" srcset=\"https:\/\/appicenet.com.br\/wp-content\/uploads\/2026\/03\/investment-consultant-financial-consultant-finan-2026-01-11-10-47-34-utc-1024x683.jpg 1024w, https:\/\/appicenet.com.br\/wp-content\/uploads\/2026\/03\/investment-consultant-financial-consultant-finan-2026-01-11-10-47-34-utc-300x200.jpg 300w, https:\/\/appicenet.com.br\/wp-content\/uploads\/2026\/03\/investment-consultant-financial-consultant-finan-2026-01-11-10-47-34-utc-768x512.jpg 768w, https:\/\/appicenet.com.br\/wp-content\/uploads\/2026\/03\/investment-consultant-financial-consultant-finan-2026-01-11-10-47-34-utc-1536x1024.jpg 1536w, https:\/\/appicenet.com.br\/wp-content\/uploads\/2026\/03\/investment-consultant-financial-consultant-finan-2026-01-11-10-47-34-utc-2048x1365.jpg 2048w, https:\/\/appicenet.com.br\/wp-content\/uploads\/2026\/03\/investment-consultant-financial-consultant-finan-2026-01-11-10-47-34-utc-600x400.jpg 600w\" sizes=\"(max-width: 640px) 100vw, 640px\" \/>\t\t\t\t\t\t\t\t\t\t\t\t\t\t\t<\/div>\n\t\t\t\t\t<\/div>\n\t\t<\/div>\n\t\t\t\t\t<\/div>\n\t\t<\/section>\n\t\t<div class=\"elementor-element elementor-element-700d3aa0 e-flex e-con-boxed e-con e-parent\" data-id=\"700d3aa0\" data-element_type=\"container\" data-e-type=\"container\">\n\t\t\t\t\t<div class=\"e-con-inner\">\n\t\t\t\t<div class=\"elementor-element elementor-element-442b1ff1 elementor-widget elementor-widget-go-s-heading\" data-id=\"442b1ff1\" data-element_type=\"widget\" data-e-type=\"widget\" data-widget_type=\"go-s-heading.default\">\n\t\t\t\t<div class=\"elementor-widget-container\">\n\t\t\t\t\t<div class=\"pg-contact-1-sec-title\">\n        <h1 class=\"elementor-gt-heading pg-sec-title-1\" data-cursor=\"-opaque\">Como ter uma gest\u00e3o tribut\u00e1ria eficiente?<br \/>\n<\/h1>    <\/div>\t\t\t\t<\/div>\n\t\t\t\t<\/div>\n\t\t\t\t<div class=\"elementor-element elementor-element-37a3ff1c elementor-widget elementor-widget-photia-faq\" data-id=\"37a3ff1c\" data-element_type=\"widget\" data-e-type=\"widget\" data-widget_type=\"photia-faq.default\">\n\t\t\t\t<div class=\"elementor-widget-container\">\n\t\t\t\t\t<div class=\"pg-accordion\" id=\"accordionExample_242036\">\n            <div class=\"pg-accordion-item wa_accordion_item wow fadeInUp2\" data-wow-delay=\".1s\">\n            <button class=\"item-title pg-h-1 \" type=\"button\"\n                data-bs-toggle=\"collapse\"\n                data-bs-target=\"#collapse242036-9f7835d\"\n                aria-expanded=\"false\"\n                aria-controls=\"collapse242036-9f7835d\">\n                <span class=\"icon pg-gd-text-1\">\n                    <i class=\"fa-solid fa-plus\"><\/i>\n                <\/span>\n                Compreens\u00e3o do sistema tribut\u00e1rio            <\/button>\n            <div id=\"collapse242036-9f7835d\"\n                class=\"accordion-collapse collapse show\"\n                data-bs-parent=\"#accordionExample_242036\">\n                <p class=\"pg-p-2 item-disc\">\n                    Antes de escolher o regime fiscal, \u00e9 fundamental conhecer as op\u00e7\u00f5es e implica\u00e7\u00f5es de cada modelo.                <\/p>\n            <\/div>\n        <\/div>\n            <div class=\"pg-accordion-item wa_accordion_item wow fadeInUp2\" data-wow-delay=\".2s\">\n            <button class=\"item-title pg-h-1 collapsed\" type=\"button\"\n                data-bs-toggle=\"collapse\"\n                data-bs-target=\"#collapse242036-0aa5240\"\n                aria-expanded=\"false\"\n                aria-controls=\"collapse242036-0aa5240\">\n                <span class=\"icon pg-gd-text-1\">\n                    <i class=\"fa-solid fa-plus\"><\/i>\n                <\/span>\n                Escolha do regime mais adequado            <\/button>\n            <div id=\"collapse242036-0aa5240\"\n                class=\"accordion-collapse collapse \"\n                data-bs-parent=\"#accordionExample_242036\">\n                <p class=\"pg-p-2 item-disc\">\n                    Avaliamos o porte, as metas de crescimento e as caracter\u00edsticas do seu neg\u00f3cio.                <\/p>\n            <\/div>\n        <\/div>\n            <div class=\"pg-accordion-item wa_accordion_item wow fadeInUp2\" data-wow-delay=\".3s\">\n            <button class=\"item-title pg-h-1 collapsed\" type=\"button\"\n                data-bs-toggle=\"collapse\"\n                data-bs-target=\"#collapse242036-b554dc4\"\n                aria-expanded=\"false\"\n                aria-controls=\"collapse242036-b554dc4\">\n                <span class=\"icon pg-gd-text-1\">\n                    <i class=\"fa-solid fa-plus\"><\/i>\n                <\/span>\n                Organiza\u00e7\u00e3o e controle            <\/button>\n            <div id=\"collapse242036-b554dc4\"\n                class=\"accordion-collapse collapse \"\n                data-bs-parent=\"#accordionExample_242036\">\n                <p class=\"pg-p-2 item-disc\">\n                    Manter notas fiscais, recibos e relat\u00f3rios organizados facilita o cumprimento de obriga\u00e7\u00f5es e reduz riscos.                <\/p>\n            <\/div>\n        <\/div>\n            <div class=\"pg-accordion-item wa_accordion_item wow fadeInUp2\" data-wow-delay=\".4s\">\n            <button class=\"item-title pg-h-1 collapsed\" type=\"button\"\n                data-bs-toggle=\"collapse\"\n                data-bs-target=\"#collapse242036-2846032\"\n                aria-expanded=\"false\"\n                aria-controls=\"collapse242036-2846032\">\n                <span class=\"icon pg-gd-text-1\">\n                    <i class=\"fa-solid fa-plus\"><\/i>\n                <\/span>\n                Avalia\u00e7\u00e3o de incentivos fiscais            <\/button>\n            <div id=\"collapse242036-2846032\"\n                class=\"accordion-collapse collapse \"\n                data-bs-parent=\"#accordionExample_242036\">\n                <p class=\"pg-p-2 item-disc\">\n                    Analisamos oportunidades de isen\u00e7\u00e3o ou redu\u00e7\u00e3o tribut\u00e1ria aplic\u00e1veis \u00e0 sua \u00e1rea de atua\u00e7\u00e3o.                <\/p>\n            <\/div>\n        <\/div>\n    <\/div>\t\t\t\t<\/div>\n\t\t\t\t<\/div>\n\t\t\t\t\t<\/div>\n\t\t\t\t<\/div>\n\t\t\t\t<\/div>\n\t\t","protected":false},"excerpt":{"rendered":"<p>O que \u00e9 o servi\u00e7o de gest\u00e3o e planejamento tribut\u00e1rio? Esse servi\u00e7o consiste em: Gerenciar toda a receita tribut\u00e1ria da empresa; Analisar a legisla\u00e7\u00e3o para reduzir legalmente a carga tribut\u00e1ria; Organizar os tributos com base em estrat\u00e9gias eficientes. Por que esse servi\u00e7o \u00e9 t\u00e3o importante? Uma boa gest\u00e3o tribut\u00e1ria garante que sua empresa: Pague apenas [&hellip;]<\/p>\n","protected":false},"author":2,"featured_media":0,"parent":15,"menu_order":0,"comment_status":"closed","ping_status":"closed","template":"elementor_header_footer","meta":{"footnotes":""},"class_list":["post-1400","page","type-page","status-publish","hentry"],"_links":{"self":[{"href":"https:\/\/appicenet.com.br\/index.php?rest_route=\/wp\/v2\/pages\/1400","targetHints":{"allow":["GET"]}}],"collection":[{"href":"https:\/\/appicenet.com.br\/index.php?rest_route=\/wp\/v2\/pages"}],"about":[{"href":"https:\/\/appicenet.com.br\/index.php?rest_route=\/wp\/v2\/types\/page"}],"author":[{"embeddable":true,"href":"https:\/\/appicenet.com.br\/index.php?rest_route=\/wp\/v2\/users\/2"}],"replies":[{"embeddable":true,"href":"https:\/\/appicenet.com.br\/index.php?rest_route=%2Fwp%2Fv2%2Fcomments&post=1400"}],"version-history":[{"count":4,"href":"https:\/\/appicenet.com.br\/index.php?rest_route=\/wp\/v2\/pages\/1400\/revisions"}],"predecessor-version":[{"id":1408,"href":"https:\/\/appicenet.com.br\/index.php?rest_route=\/wp\/v2\/pages\/1400\/revisions\/1408"}],"up":[{"embeddable":true,"href":"https:\/\/appicenet.com.br\/index.php?rest_route=\/wp\/v2\/pages\/15"}],"wp:attachment":[{"href":"https:\/\/appicenet.com.br\/index.php?rest_route=%2Fwp%2Fv2%2Fmedia&parent=1400"}],"curies":[{"name":"wp","href":"https:\/\/api.w.org\/{rel}","templated":true}]}}