{"id":15,"date":"2025-08-11T10:41:11","date_gmt":"2025-08-11T10:41:11","guid":{"rendered":"https:\/\/themexriver.com\/wp\/photia\/?page_id=15"},"modified":"2026-04-22T16:43:00","modified_gmt":"2026-04-22T16:43:00","slug":"service","status":"publish","type":"page","link":"https:\/\/appicenet.com.br\/?page_id=15","title":{"rendered":"Solu\u00e7\u00f5es"},"content":{"rendered":"\t\t<div data-elementor-type=\"wp-page\" data-elementor-id=\"15\" class=\"elementor elementor-15\">\n\t\t\t\t<div class=\"elementor-element elementor-element-10db30e e-flex e-con-boxed e-con e-parent\" data-id=\"10db30e\" data-element_type=\"container\" data-e-type=\"container\">\n\t\t\t\t\t<div class=\"e-con-inner\">\n\t\t\t\t<div class=\"elementor-element elementor-element-df1cd55 elementor-widget elementor-widget-go-s-heading\" data-id=\"df1cd55\" data-element_type=\"widget\" data-e-type=\"widget\" data-widget_type=\"go-s-heading.default\">\n\t\t\t\t<div class=\"elementor-widget-container\">\n\t\t\t\t\t<div class=\"prthalign\">\n                <h5 class=\"pg-subtitle-1\">Solu\u00e7\u00f5es<\/h5>\n                <h2 class=\"elementor-gt-heading pg-sec-title-1 wa_bg_position2\" data-cursor=\"-opaque\">Solu\u00e7\u00f5es de consultoria cont\u00e1bil ajudam voc\u00ea a cuidar de grandes projetos e garantem que seu neg\u00f3cio seja n\u00e3o s\u00f3 legal, como tamb\u00e9m um sucesso no mercado.<br \/>\n<br \/>\n<\/h2><\/div>\t\t\t\t<\/div>\n\t\t\t\t<\/div>\n\t\t\t\t<div class=\"elementor-element elementor-element-79aded6 elementor-widget elementor-widget-service-item\" data-id=\"79aded6\" data-element_type=\"widget\" data-e-type=\"widget\" data-widget_type=\"service-item.default\">\n\t\t\t\t<div class=\"elementor-widget-container\">\n\t\t\t\t\t<div class=\"pg-services-1-wrap\">\n            <div class=\"pg-services-1-card wow fadeInUp2\" data-wow-delay=\".1s\">\n            <div class=\"icon-x-number\">\n                <div class=\"icon\">\n                                            <i aria-hidden=\"true\" class=\"fas fa-stethoscope\"><\/i>                                    <\/div>\n                                    <p class=\"pg-h-1 number\">01<\/p>\n                            <\/div>\n            <h4 class=\"pg-h-1 title\" data-cursor=\"-opaque\">\n                <a target=\"_self\"\n                    rel=\"\"\n                    href=\"https:\/\/appicenet.com.br\/?page_id=17\"\n                    aria-label=\"name\">Consultoria Cont\u00e1bil<\/a>\n            <\/h4>\n            <div class=\"ctg-x-btn\">\n                                    <p class=\"pg-h-1 ctg-name\">A Consultoria Cont\u00e1bil da APPICE avalia a empresa como um todo, com base nas legisla\u00e7\u00f5es trabalhistas e previdenci\u00e1rias.<\/p>\n                                <a target=\"_self\"\n                    rel=\"\"\n                    href=\"https:\/\/appicenet.com.br\/?page_id=17\" class=\"item-btn\" aria-label=\"name\">\n                    <i class=\"fa-solid fa-right-long\"><\/i>\n                <\/a>\n            <\/div>\n        <\/div>\n            <div class=\"pg-services-1-card wow fadeInUp2\" data-wow-delay=\".2s\">\n            <div class=\"icon-x-number\">\n                <div class=\"icon\">\n                                            <i aria-hidden=\"true\" class=\"fas fa-users\"><\/i>                                    <\/div>\n                                    <p class=\"pg-h-1 number\">02<\/p>\n                            <\/div>\n            <h4 class=\"pg-h-1 title\" data-cursor=\"-opaque\">\n                <a target=\"_self\"\n                    rel=\"\"\n                    href=\"https:\/\/appicenet.com.br\/?page_id=1372\"\n                    aria-label=\"name\">Departamento pessoal<\/a>\n            <\/h4>\n            <div class=\"ctg-x-btn\">\n                                    <p class=\"pg-h-1 ctg-name\">O Departamento Pessoal \u00e9 uma \u00e1rea essencial da empresa, respons\u00e1vel pela gest\u00e3o de colaboradores e pelo cumprimento das obriga\u00e7\u00f5es trabalhistas e fiscais.<\/p>\n                                <a target=\"_self\"\n                    rel=\"\"\n                    href=\"https:\/\/appicenet.com.br\/?page_id=1372\" class=\"item-btn\" aria-label=\"name\">\n                    <i class=\"fa-solid fa-right-long\"><\/i>\n                <\/a>\n            <\/div>\n        <\/div>\n            <div class=\"pg-services-1-card wow fadeInUp2\" data-wow-delay=\".3s\">\n            <div class=\"icon-x-number\">\n                <div class=\"icon\">\n                                            <i aria-hidden=\"true\" class=\"fas fa-archive\"><\/i>                                    <\/div>\n                                    <p class=\"pg-h-1 number\">03<\/p>\n                            <\/div>\n            <h4 class=\"pg-h-1 title\" data-cursor=\"-opaque\">\n                <a target=\"_self\"\n                    rel=\"\"\n                    href=\"https:\/\/appicenet.com.br\/?page_id=1388\"\n                    aria-label=\"name\">Gerenciamento das Informa\u00e7\u00f5es<\/a>\n            <\/h4>\n            <div class=\"ctg-x-btn\">\n                                    <p class=\"pg-h-1 ctg-name\">A gest\u00e3o da informa\u00e7\u00e3o envolve os processos usados para organizar e armazenar os dados da empresa.\n\n<\/p>\n                                <a target=\"_self\"\n                    rel=\"\"\n                    href=\"https:\/\/appicenet.com.br\/?page_id=1388\" class=\"item-btn\" aria-label=\"name\">\n                    <i class=\"fa-solid fa-right-long\"><\/i>\n                <\/a>\n            <\/div>\n        <\/div>\n            <div class=\"pg-services-1-card wow fadeInUp2\" data-wow-delay=\".4s\">\n            <div class=\"icon-x-number\">\n                <div class=\"icon\">\n                                            <i aria-hidden=\"true\" class=\"fas fa-money-bill-wave\"><\/i>                                    <\/div>\n                                    <p class=\"pg-h-1 number\">04<\/p>\n                            <\/div>\n            <h4 class=\"pg-h-1 title\" data-cursor=\"-opaque\">\n                <a target=\"_self\"\n                    rel=\"\"\n                    href=\"https:\/\/appicenet.com.br\/?page_id=1400\"\n                    aria-label=\"name\">Gest\u00e3o de Tributos<\/a>\n            <\/h4>\n            <div class=\"ctg-x-btn\">\n                                    <p class=\"pg-h-1 ctg-name\">A APPICE oferece um servi\u00e7o de planejamento tribut\u00e1rio que resolve seus problemas e garante conformidade com as obriga\u00e7\u00f5es fiscais e legais.\n\n<\/p>\n                                <a target=\"_self\"\n                    rel=\"\"\n                    href=\"https:\/\/appicenet.com.br\/?page_id=1400\" class=\"item-btn\" aria-label=\"name\">\n                    <i class=\"fa-solid fa-right-long\"><\/i>\n                <\/a>\n            <\/div>\n        <\/div>\n            <div class=\"pg-services-1-card wow fadeInUp2\" data-wow-delay=\".5s\">\n            <div class=\"icon-x-number\">\n                <div class=\"icon\">\n                                            <i aria-hidden=\"true\" class=\"far fa-handshake\"><\/i>                                    <\/div>\n                                    <p class=\"pg-h-1 number\">5<\/p>\n                            <\/div>\n            <h4 class=\"pg-h-1 title\" data-cursor=\"-opaque\">\n                <a target=\"_self\"\n                    rel=\"\"\n                    href=\"https:\/\/appicenet.com.br\/?page_id=1106\"\n                    aria-label=\"name\">Fus\u00e3o de empresas<\/a>\n            <\/h4>\n            <div class=\"ctg-x-btn\">\n                                    <p class=\"pg-h-1 ctg-name\">Fus\u00e3o de empresas \u00e9 quando duas ou mais companhias se unem para criar uma nova organiza\u00e7\u00e3o.<\/p>\n                                <a target=\"_self\"\n                    rel=\"\"\n                    href=\"https:\/\/appicenet.com.br\/?page_id=1106\" class=\"item-btn\" aria-label=\"name\">\n                    <i class=\"fa-solid fa-right-long\"><\/i>\n                <\/a>\n            <\/div>\n        <\/div>\n            <div class=\"pg-services-1-card wow fadeInUp2\" data-wow-delay=\".6s\">\n            <div class=\"icon-x-number\">\n                <div class=\"icon\">\n                                            <i aria-hidden=\"true\" class=\"far fa-building\"><\/i>                                    <\/div>\n                                    <p class=\"pg-h-1 number\">6<\/p>\n                            <\/div>\n            <h4 class=\"pg-h-1 title\" data-cursor=\"-opaque\">\n                <a target=\"_self\"\n                    rel=\"\"\n                    href=\"https:\/\/appicenet.com.br\/?page_id=1106\"\n                    aria-label=\"name\">Incorpora\u00e7\u00e3o de empresas<\/a>\n            <\/h4>\n            <div class=\"ctg-x-btn\">\n                                    <p class=\"pg-h-1 ctg-name\">Incorpora\u00e7\u00e3o de empresas \u00e9 o processo em que uma ou mais empresas s\u00e3o absorvidas por outra, deixando de existir como pessoa jur\u00eddica.<\/p>\n                                <a target=\"_self\"\n                    rel=\"\"\n                    href=\"https:\/\/appicenet.com.br\/?page_id=1106\" class=\"item-btn\" aria-label=\"name\">\n                    <i class=\"fa-solid fa-right-long\"><\/i>\n                <\/a>\n            <\/div>\n        <\/div>\n            <div class=\"pg-services-1-card wow fadeInUp2\" data-wow-delay=\".7s\">\n            <div class=\"icon-x-number\">\n                <div class=\"icon\">\n                                            <i aria-hidden=\"true\" class=\"fas fa-book\"><\/i>                                    <\/div>\n                                    <p class=\"pg-h-1 number\">7<\/p>\n                            <\/div>\n            <h4 class=\"pg-h-1 title\" data-cursor=\"-opaque\">\n                <a target=\"_self\"\n                    rel=\"\"\n                    href=\"https:\/\/appicenet.com.br\/?page_id=1106\"\n                    aria-label=\"name\">Escritura\u00e7\u00e3o cont\u00e1bil<\/a>\n            <\/h4>\n            <div class=\"ctg-x-btn\">\n                                    <p class=\"pg-h-1 ctg-name\">Escritura\u00e7\u00e3o cont\u00e1bil \u00e9 o registro sistem\u00e1tico das opera\u00e7\u00f5es financeiras da empresa nos seus livros cont\u00e1beis.<\/p>\n                                <a target=\"_self\"\n                    rel=\"\"\n                    href=\"https:\/\/appicenet.com.br\/?page_id=1106\" class=\"item-btn\" aria-label=\"name\">\n                    <i class=\"fa-solid fa-right-long\"><\/i>\n                <\/a>\n            <\/div>\n        <\/div>\n            <div class=\"pg-services-1-card wow fadeInUp2\" data-wow-delay=\".8s\">\n            <div class=\"icon-x-number\">\n                <div class=\"icon\">\n                                            <i aria-hidden=\"true\" class=\"fas fa-balance-scale\"><\/i>                                    <\/div>\n                                    <p class=\"pg-h-1 number\">8<\/p>\n                            <\/div>\n            <h4 class=\"pg-h-1 title\" data-cursor=\"-opaque\">\n                <a target=\"_self\"\n                    rel=\"\"\n                    href=\"https:\/\/appicenet.com.br\/?page_id=1106\"\n                    aria-label=\"name\">Recupera\u00e7\u00e3o judicial<\/a>\n            <\/h4>\n            <div class=\"ctg-x-btn\">\n                                    <p class=\"pg-h-1 ctg-name\">Recupera\u00e7\u00e3o judicial \u00e9 um procedimento que ajuda empresas em crise a renegociarem suas d\u00edvidas para evitar a fal\u00eancia.<\/p>\n                                <a target=\"_self\"\n                    rel=\"\"\n                    href=\"https:\/\/appicenet.com.br\/?page_id=1106\" class=\"item-btn\" aria-label=\"name\">\n                    <i class=\"fa-solid fa-right-long\"><\/i>\n                <\/a>\n            <\/div>\n        <\/div>\n    <\/div>\t\t\t\t<\/div>\n\t\t\t\t<\/div>\n\t\t\t\t\t<\/div>\n\t\t\t\t<\/div>\n\t\t\t\t<\/div>\n\t\t","protected":false},"excerpt":{"rendered":"<p>Solu\u00e7\u00f5es Solu\u00e7\u00f5es de consultoria cont\u00e1bil ajudam voc\u00ea a cuidar de grandes projetos e garantem que seu neg\u00f3cio seja n\u00e3o s\u00f3 legal, como tamb\u00e9m um sucesso no mercado. 01 Consultoria Cont\u00e1bil A Consultoria Cont\u00e1bil da APPICE avalia a empresa como um todo, com base nas legisla\u00e7\u00f5es trabalhistas e previdenci\u00e1rias. 02 Departamento pessoal O Departamento Pessoal \u00e9 [&hellip;]<\/p>\n","protected":false},"author":1,"featured_media":0,"parent":0,"menu_order":0,"comment_status":"closed","ping_status":"closed","template":"elementor_header_footer","meta":{"footnotes":""},"class_list":["post-15","page","type-page","status-publish","hentry"],"_links":{"self":[{"href":"https:\/\/appicenet.com.br\/index.php?rest_route=\/wp\/v2\/pages\/15","targetHints":{"allow":["GET"]}}],"collection":[{"href":"https:\/\/appicenet.com.br\/index.php?rest_route=\/wp\/v2\/pages"}],"about":[{"href":"https:\/\/appicenet.com.br\/index.php?rest_route=\/wp\/v2\/types\/page"}],"author":[{"embeddable":true,"href":"https:\/\/appicenet.com.br\/index.php?rest_route=\/wp\/v2\/users\/1"}],"replies":[{"embeddable":true,"href":"https:\/\/appicenet.com.br\/index.php?rest_route=%2Fwp%2Fv2%2Fcomments&post=15"}],"version-history":[{"count":14,"href":"https:\/\/appicenet.com.br\/index.php?rest_route=\/wp\/v2\/pages\/15\/revisions"}],"predecessor-version":[{"id":1590,"href":"https:\/\/appicenet.com.br\/index.php?rest_route=\/wp\/v2\/pages\/15\/revisions\/1590"}],"wp:attachment":[{"href":"https:\/\/appicenet.com.br\/index.php?rest_route=%2Fwp%2Fv2%2Fmedia&parent=15"}],"curies":[{"name":"wp","href":"https:\/\/api.w.org\/{rel}","templated":true}]}}