{"id":17,"date":"2025-08-11T10:41:28","date_gmt":"2025-08-11T10:41:28","guid":{"rendered":"https:\/\/themexriver.com\/wp\/photia\/?page_id=17"},"modified":"2026-04-22T16:35:05","modified_gmt":"2026-04-22T16:35:05","slug":"consultoriacontabil","status":"publish","type":"page","link":"https:\/\/appicenet.com.br\/?page_id=17","title":{"rendered":"Consultoria Cont\u00e1bil"},"content":{"rendered":"\t\t<div data-elementor-type=\"wp-page\" data-elementor-id=\"17\" class=\"elementor elementor-17\">\n\t\t\t\t\t\t<section class=\"elementor-section elementor-top-section elementor-element elementor-element-4de8efdc elementor-section-boxed elementor-section-height-default elementor-section-height-default\" data-id=\"4de8efdc\" data-element_type=\"section\" data-e-type=\"section\">\n\t\t\t\t\t\t<div class=\"elementor-container elementor-column-gap-default\">\n\t\t\t\t\t<div class=\"elementor-column elementor-col-100 elementor-top-column elementor-element elementor-element-59d43708\" data-id=\"59d43708\" data-element_type=\"column\" data-e-type=\"column\">\n\t\t\t<div class=\"elementor-widget-wrap elementor-element-populated\">\n\t\t\t\t\t\t<div class=\"elementor-element elementor-element-a904a93 elementor-widget elementor-widget-image\" data-id=\"a904a93\" data-element_type=\"widget\" data-e-type=\"widget\" data-widget_type=\"image.default\">\n\t\t\t\t\t\t\t\t\t\t\t\t\t\t\t<img fetchpriority=\"high\" decoding=\"async\" width=\"4528\" height=\"3016\" src=\"https:\/\/appicenet.com.br\/wp-content\/uploads\/2026\/03\/young-business-creative-team-are-brainstorming-pla-2026-03-25-09-15-23-utc.jpg\" class=\"attachment-full size-full wp-image-1365\" alt=\"\" srcset=\"https:\/\/appicenet.com.br\/wp-content\/uploads\/2026\/03\/young-business-creative-team-are-brainstorming-pla-2026-03-25-09-15-23-utc.jpg 4528w, https:\/\/appicenet.com.br\/wp-content\/uploads\/2026\/03\/young-business-creative-team-are-brainstorming-pla-2026-03-25-09-15-23-utc-300x200.jpg 300w, https:\/\/appicenet.com.br\/wp-content\/uploads\/2026\/03\/young-business-creative-team-are-brainstorming-pla-2026-03-25-09-15-23-utc-1024x682.jpg 1024w, https:\/\/appicenet.com.br\/wp-content\/uploads\/2026\/03\/young-business-creative-team-are-brainstorming-pla-2026-03-25-09-15-23-utc-768x512.jpg 768w, https:\/\/appicenet.com.br\/wp-content\/uploads\/2026\/03\/young-business-creative-team-are-brainstorming-pla-2026-03-25-09-15-23-utc-1536x1023.jpg 1536w, https:\/\/appicenet.com.br\/wp-content\/uploads\/2026\/03\/young-business-creative-team-are-brainstorming-pla-2026-03-25-09-15-23-utc-2048x1364.jpg 2048w, https:\/\/appicenet.com.br\/wp-content\/uploads\/2026\/03\/young-business-creative-team-are-brainstorming-pla-2026-03-25-09-15-23-utc-600x400.jpg 600w\" sizes=\"(max-width: 4528px) 100vw, 4528px\" \/>\t\t\t\t\t\t\t\t\t\t\t\t\t\t\t<\/div>\n\t\t\t\t\t<\/div>\n\t\t<\/div>\n\t\t\t\t\t<\/div>\n\t\t<\/section>\n\t\t\t\t<section class=\"elementor-section elementor-top-section elementor-element elementor-element-565ce3db elementor-section-boxed elementor-section-height-default elementor-section-height-default\" data-id=\"565ce3db\" data-element_type=\"section\" data-e-type=\"section\">\n\t\t\t\t\t\t<div class=\"elementor-container elementor-column-gap-default\">\n\t\t\t\t\t<div class=\"elementor-column elementor-col-100 elementor-top-column elementor-element elementor-element-5834e482\" data-id=\"5834e482\" data-element_type=\"column\" data-e-type=\"column\">\n\t\t\t<div class=\"elementor-widget-wrap elementor-element-populated\">\n\t\t\t\t\t\t<div class=\"elementor-element elementor-element-d0b0a57 elementor-widget elementor-widget-heading\" data-id=\"d0b0a57\" data-element_type=\"widget\" data-e-type=\"widget\" data-widget_type=\"heading.default\">\n\t\t\t\t\t<h2 class=\"elementor-heading-title elementor-size-default\">Como \u00e9 a consultoria cont\u00e1bil?<\/h2>\t\t\t\t<\/div>\n\t\t\t\t<div class=\"elementor-element elementor-element-310c3d8e elementor-widget elementor-widget-heading\" data-id=\"310c3d8e\" data-element_type=\"widget\" data-e-type=\"widget\" data-widget_type=\"heading.default\">\n\t\t\t\t\t<h2 class=\"elementor-heading-title elementor-size-default\">A Consultoria Cont\u00e1bil da APPICE avalia a empresa como um todo, com base nas legisla\u00e7\u00f5es municipais, estaduais e federais brasileiras. Ela orienta os planos de trabalho, controles financeiros e decis\u00f5es da diretoria.\n\n<\/h2>\t\t\t\t<\/div>\n\t\t\t\t<div class=\"elementor-element elementor-element-417159ea elementor-widget elementor-widget-heading\" data-id=\"417159ea\" data-element_type=\"widget\" data-e-type=\"widget\" data-widget_type=\"heading.default\">\n\t\t\t\t\t<h2 class=\"elementor-heading-title elementor-size-default\">Nossa equipe<\/h2>\t\t\t\t<\/div>\n\t\t\t\t<div class=\"elementor-element elementor-element-46b128b3 elementor-widget elementor-widget-heading\" data-id=\"46b128b3\" data-element_type=\"widget\" data-e-type=\"widget\" data-widget_type=\"heading.default\">\n\t\t\t\t\t<h2 class=\"elementor-heading-title elementor-size-default\">O time de Consultoria da APPICE est\u00e1 sempre atualizado e conta com especialistas internacionais. Oferecemos orienta\u00e7\u00f5es precisas para uma gest\u00e3o eficiente da sua empresa.\n\nPara contratar, entre em contato pelos nossos canais e fale com um especialista. Solicite seu or\u00e7amento e encontre a melhor solu\u00e7\u00e3o para o seu neg\u00f3cio.<\/h2>\t\t\t\t<\/div>\n\t\t\t\t<div class=\"elementor-element elementor-element-4a1069e elementor-widget elementor-widget-heading\" data-id=\"4a1069e\" data-element_type=\"widget\" data-e-type=\"widget\" data-widget_type=\"heading.default\">\n\t\t\t\t\t<h2 class=\"elementor-heading-title elementor-size-default\">Onde atuamos?<\/h2>\t\t\t\t<\/div>\n\t\t\t\t<div class=\"elementor-element elementor-element-6bcac5ef egx-project-details-content elementor-widget elementor-widget-text-editor\" data-id=\"6bcac5ef\" data-element_type=\"widget\" data-e-type=\"widget\" data-widget_type=\"text-editor.default\">\n\t\t\t\t\t\t\t\t\t<p>Os nossos profissionais atendem na grande BH, outras cidades e estados de forma remota, sendo capazes de explicar a voc\u00ea todos os procedimentos tribut\u00e1rios da sua organiza\u00e7\u00e3o.<\/p>\t\t\t\t\t\t\t\t<\/div>\n\t\t\t\t\t<\/div>\n\t\t<\/div>\n\t\t\t\t\t<\/div>\n\t\t<\/section>\n\t\t\t\t<section class=\"elementor-section elementor-top-section elementor-element elementor-element-2c2d8b72 elementor-section-boxed elementor-section-height-default elementor-section-height-default\" data-id=\"2c2d8b72\" data-element_type=\"section\" data-e-type=\"section\">\n\t\t\t\t\t\t<div class=\"elementor-container elementor-column-gap-default\">\n\t\t\t\t\t<div class=\"elementor-column elementor-col-50 elementor-top-column elementor-element elementor-element-1fd3f209\" data-id=\"1fd3f209\" data-element_type=\"column\" data-e-type=\"column\">\n\t\t\t<div class=\"elementor-widget-wrap elementor-element-populated\">\n\t\t\t\t\t\t<div class=\"elementor-element elementor-element-296854cf item img-cover scroll_slide_left elementor-widget elementor-widget-image\" data-id=\"296854cf\" data-element_type=\"widget\" data-e-type=\"widget\" data-widget_type=\"image.default\">\n\t\t\t\t\t\t\t\t\t\t\t\t\t\t\t<img decoding=\"async\" width=\"640\" height=\"427\" src=\"https:\/\/appicenet.com.br\/wp-content\/uploads\/2026\/03\/team-of-asian-businesswomen-are-having-a-meeting-i-2026-01-08-07-27-18-utc-1024x683.jpg\" class=\"attachment-large size-large wp-image-1366\" alt=\"\" srcset=\"https:\/\/appicenet.com.br\/wp-content\/uploads\/2026\/03\/team-of-asian-businesswomen-are-having-a-meeting-i-2026-01-08-07-27-18-utc-1024x683.jpg 1024w, https:\/\/appicenet.com.br\/wp-content\/uploads\/2026\/03\/team-of-asian-businesswomen-are-having-a-meeting-i-2026-01-08-07-27-18-utc-300x200.jpg 300w, https:\/\/appicenet.com.br\/wp-content\/uploads\/2026\/03\/team-of-asian-businesswomen-are-having-a-meeting-i-2026-01-08-07-27-18-utc-768x512.jpg 768w, https:\/\/appicenet.com.br\/wp-content\/uploads\/2026\/03\/team-of-asian-businesswomen-are-having-a-meeting-i-2026-01-08-07-27-18-utc-1536x1024.jpg 1536w, https:\/\/appicenet.com.br\/wp-content\/uploads\/2026\/03\/team-of-asian-businesswomen-are-having-a-meeting-i-2026-01-08-07-27-18-utc-2048x1365.jpg 2048w, https:\/\/appicenet.com.br\/wp-content\/uploads\/2026\/03\/team-of-asian-businesswomen-are-having-a-meeting-i-2026-01-08-07-27-18-utc-600x400.jpg 600w\" sizes=\"(max-width: 640px) 100vw, 640px\" \/>\t\t\t\t\t\t\t\t\t\t\t\t\t\t\t<\/div>\n\t\t\t\t\t<\/div>\n\t\t<\/div>\n\t\t\t\t<div class=\"elementor-column elementor-col-50 elementor-top-column elementor-element elementor-element-4cca3180\" data-id=\"4cca3180\" data-element_type=\"column\" data-e-type=\"column\">\n\t\t\t<div class=\"elementor-widget-wrap elementor-element-populated\">\n\t\t\t\t\t\t<div class=\"elementor-element elementor-element-15247972 item img-cover scroll_slide_right elementor-widget elementor-widget-image\" data-id=\"15247972\" data-element_type=\"widget\" data-e-type=\"widget\" data-widget_type=\"image.default\">\n\t\t\t\t\t\t\t\t\t\t\t\t\t\t\t<img decoding=\"async\" width=\"640\" height=\"427\" src=\"https:\/\/appicenet.com.br\/wp-content\/uploads\/2026\/03\/happy-man-going-through-paperwork-while-having-a-m-2026-01-09-12-07-46-utc-1024x683.jpg\" class=\"attachment-large size-large wp-image-1367\" alt=\"\" srcset=\"https:\/\/appicenet.com.br\/wp-content\/uploads\/2026\/03\/happy-man-going-through-paperwork-while-having-a-m-2026-01-09-12-07-46-utc-1024x683.jpg 1024w, https:\/\/appicenet.com.br\/wp-content\/uploads\/2026\/03\/happy-man-going-through-paperwork-while-having-a-m-2026-01-09-12-07-46-utc-300x200.jpg 300w, https:\/\/appicenet.com.br\/wp-content\/uploads\/2026\/03\/happy-man-going-through-paperwork-while-having-a-m-2026-01-09-12-07-46-utc-768x512.jpg 768w, https:\/\/appicenet.com.br\/wp-content\/uploads\/2026\/03\/happy-man-going-through-paperwork-while-having-a-m-2026-01-09-12-07-46-utc-1536x1024.jpg 1536w, https:\/\/appicenet.com.br\/wp-content\/uploads\/2026\/03\/happy-man-going-through-paperwork-while-having-a-m-2026-01-09-12-07-46-utc-2048x1365.jpg 2048w, https:\/\/appicenet.com.br\/wp-content\/uploads\/2026\/03\/happy-man-going-through-paperwork-while-having-a-m-2026-01-09-12-07-46-utc-600x400.jpg 600w\" sizes=\"(max-width: 640px) 100vw, 640px\" \/>\t\t\t\t\t\t\t\t\t\t\t\t\t\t\t<\/div>\n\t\t\t\t\t<\/div>\n\t\t<\/div>\n\t\t\t\t\t<\/div>\n\t\t<\/section>\n\t\t<div class=\"elementor-element elementor-element-94edd17 e-flex e-con-boxed e-con e-parent\" data-id=\"94edd17\" data-element_type=\"container\" data-e-type=\"container\">\n\t\t\t\t\t<div class=\"e-con-inner\">\n\t\t\t\t<div class=\"elementor-element elementor-element-8a1a57 elementor-widget elementor-widget-go-s-heading\" data-id=\"8a1a57\" data-element_type=\"widget\" data-e-type=\"widget\" data-widget_type=\"go-s-heading.default\">\n\t\t\t\t<div class=\"elementor-widget-container\">\n\t\t\t\t\t<div class=\"pg-contact-1-sec-title\">\n        <h1 class=\"elementor-gt-heading pg-sec-title-1\" data-cursor=\"-opaque\">Perguntas frequentes<\/h1>    <\/div>\t\t\t\t<\/div>\n\t\t\t\t<\/div>\n\t\t\t\t<div class=\"elementor-element elementor-element-e6ee761 elementor-widget elementor-widget-photia-faq\" data-id=\"e6ee761\" data-element_type=\"widget\" data-e-type=\"widget\" data-widget_type=\"photia-faq.default\">\n\t\t\t\t<div class=\"elementor-widget-container\">\n\t\t\t\t\t<div class=\"pg-accordion\" id=\"accordionExample_455936\">\n            <div class=\"pg-accordion-item wa_accordion_item wow fadeInUp2\" data-wow-delay=\".1s\">\n            <button class=\"item-title pg-h-1 \" type=\"button\"\n                data-bs-toggle=\"collapse\"\n                data-bs-target=\"#collapse455936-9f7835d\"\n                aria-expanded=\"false\"\n                aria-controls=\"collapse455936-9f7835d\">\n                <span class=\"icon pg-gd-text-1\">\n                    <i class=\"fa-solid fa-plus\"><\/i>\n                <\/span>\n                1. O que \u00e9 consultoria tribut\u00e1ria?            <\/button>\n            <div id=\"collapse455936-9f7835d\"\n                class=\"accordion-collapse collapse show\"\n                data-bs-parent=\"#accordionExample_455936\">\n                <p class=\"pg-p-2 item-disc\">\n                    \u00c9 o servi\u00e7o que analisa a situa\u00e7\u00e3o fiscal da empresa para identificar oportunidades de economia legal, corrigir riscos e garantir o cumprimento das obriga\u00e7\u00f5es tribut\u00e1rias.                <\/p>\n            <\/div>\n        <\/div>\n            <div class=\"pg-accordion-item wa_accordion_item wow fadeInUp2\" data-wow-delay=\".2s\">\n            <button class=\"item-title pg-h-1 collapsed\" type=\"button\"\n                data-bs-toggle=\"collapse\"\n                data-bs-target=\"#collapse455936-0aa5240\"\n                aria-expanded=\"false\"\n                aria-controls=\"collapse455936-0aa5240\">\n                <span class=\"icon pg-gd-text-1\">\n                    <i class=\"fa-solid fa-plus\"><\/i>\n                <\/span>\n                2. Por que minha empresa precisa de consultoria tribut\u00e1ria?            <\/button>\n            <div id=\"collapse455936-0aa5240\"\n                class=\"accordion-collapse collapse \"\n                data-bs-parent=\"#accordionExample_455936\">\n                <p class=\"pg-p-2 item-disc\">\n                    Porque o sistema tribut\u00e1rio \u00e9 complexo e constante em mudan\u00e7as. A consultoria ajuda a evitar erros, reduzir custos com impostos e manter a empresa em conformidade com a legisla\u00e7\u00e3o.                <\/p>\n            <\/div>\n        <\/div>\n            <div class=\"pg-accordion-item wa_accordion_item wow fadeInUp2\" data-wow-delay=\".3s\">\n            <button class=\"item-title pg-h-1 collapsed\" type=\"button\"\n                data-bs-toggle=\"collapse\"\n                data-bs-target=\"#collapse455936-b554dc4\"\n                aria-expanded=\"false\"\n                aria-controls=\"collapse455936-b554dc4\">\n                <span class=\"icon pg-gd-text-1\">\n                    <i class=\"fa-solid fa-plus\"><\/i>\n                <\/span>\n                3. A consultoria tribut\u00e1ria reduz impostos?            <\/button>\n            <div id=\"collapse455936-b554dc4\"\n                class=\"accordion-collapse collapse \"\n                data-bs-parent=\"#accordionExample_455936\">\n                <p class=\"pg-p-2 item-disc\">\n                    Ela n\u00e3o reduz impostos de forma ilegal. O objetivo \u00e9 aplicar corretamente a lei, escolher o melhor regime tribut\u00e1rio e identificar benef\u00edcios fiscais dispon\u00edveis.                <\/p>\n            <\/div>\n        <\/div>\n            <div class=\"pg-accordion-item wa_accordion_item wow fadeInUp2\" data-wow-delay=\".4s\">\n            <button class=\"item-title pg-h-1 collapsed\" type=\"button\"\n                data-bs-toggle=\"collapse\"\n                data-bs-target=\"#collapse455936-2846032\"\n                aria-expanded=\"false\"\n                aria-controls=\"collapse455936-2846032\">\n                <span class=\"icon pg-gd-text-1\">\n                    <i class=\"fa-solid fa-plus\"><\/i>\n                <\/span>\n                4. Consultoria tribut\u00e1ria \u00e9 a mesma coisa que contabilidade?            <\/button>\n            <div id=\"collapse455936-2846032\"\n                class=\"accordion-collapse collapse \"\n                data-bs-parent=\"#accordionExample_455936\">\n                <p class=\"pg-p-2 item-disc\">\n                    N\u00e3o. A contabilidade registra e acompanha as opera\u00e7\u00f5es da empresa.\nJ\u00e1 a consultoria tribut\u00e1ria interpreta a legisla\u00e7\u00e3o e orienta estrat\u00e9gias fiscais para melhorar resultados.                <\/p>\n            <\/div>\n        <\/div>\n            <div class=\"pg-accordion-item wa_accordion_item wow fadeInUp2\" data-wow-delay=\".5s\">\n            <button class=\"item-title pg-h-1 collapsed\" type=\"button\"\n                data-bs-toggle=\"collapse\"\n                data-bs-target=\"#collapse455936-1e9cc90\"\n                aria-expanded=\"false\"\n                aria-controls=\"collapse455936-1e9cc90\">\n                <span class=\"icon pg-gd-text-1\">\n                    <i class=\"fa-solid fa-plus\"><\/i>\n                <\/span>\n                5. Qual \u00e9 o resultado esperado desse servi\u00e7o?            <\/button>\n            <div id=\"collapse455936-1e9cc90\"\n                class=\"accordion-collapse collapse \"\n                data-bs-parent=\"#accordionExample_455936\">\n                <p class=\"pg-p-2 item-disc\">\n                    Riscos fiscais reduzidos, processos mais organizados, escolha adequada do regime tribut\u00e1rio e maior seguran\u00e7a no cumprimento das obriga\u00e7\u00f5es legais.                <\/p>\n            <\/div>\n        <\/div>\n    <\/div>\t\t\t\t<\/div>\n\t\t\t\t<\/div>\n\t\t\t\t\t<\/div>\n\t\t\t\t<\/div>\n\t\t\t\t<\/div>\n\t\t","protected":false},"excerpt":{"rendered":"<p>Como \u00e9 a consultoria cont\u00e1bil? A Consultoria Cont\u00e1bil da APPICE avalia a empresa como um todo, com base nas legisla\u00e7\u00f5es municipais, estaduais e federais brasileiras. Ela orienta os planos de trabalho, controles financeiros e decis\u00f5es da diretoria. Nossa equipe O time de Consultoria da APPICE est\u00e1 sempre atualizado e conta com especialistas internacionais. Oferecemos orienta\u00e7\u00f5es [&hellip;]<\/p>\n","protected":false},"author":3,"featured_media":0,"parent":15,"menu_order":0,"comment_status":"closed","ping_status":"closed","template":"elementor_header_footer","meta":{"footnotes":""},"class_list":["post-17","page","type-page","status-publish","hentry"],"_links":{"self":[{"href":"https:\/\/appicenet.com.br\/index.php?rest_route=\/wp\/v2\/pages\/17","targetHints":{"allow":["GET"]}}],"collection":[{"href":"https:\/\/appicenet.com.br\/index.php?rest_route=\/wp\/v2\/pages"}],"about":[{"href":"https:\/\/appicenet.com.br\/index.php?rest_route=\/wp\/v2\/types\/page"}],"author":[{"embeddable":true,"href":"https:\/\/appicenet.com.br\/index.php?rest_route=\/wp\/v2\/users\/3"}],"replies":[{"embeddable":true,"href":"https:\/\/appicenet.com.br\/index.php?rest_route=%2Fwp%2Fv2%2Fcomments&post=17"}],"version-history":[{"count":4,"href":"https:\/\/appicenet.com.br\/index.php?rest_route=\/wp\/v2\/pages\/17\/revisions"}],"predecessor-version":[{"id":1370,"href":"https:\/\/appicenet.com.br\/index.php?rest_route=\/wp\/v2\/pages\/17\/revisions\/1370"}],"up":[{"embeddable":true,"href":"https:\/\/appicenet.com.br\/index.php?rest_route=\/wp\/v2\/pages\/15"}],"wp:attachment":[{"href":"https:\/\/appicenet.com.br\/index.php?rest_route=%2Fwp%2Fv2%2Fmedia&parent=17"}],"curies":[{"name":"wp","href":"https:\/\/api.w.org\/{rel}","templated":true}]}}